{"id":4054,"date":"2013-06-04T11:37:51","date_gmt":"2013-06-04T09:37:51","guid":{"rendered":"https:\/\/www.sazolene.it\/de\/come-funziona\/"},"modified":"2020-02-26T12:25:13","modified_gmt":"2020-02-26T11:25:13","slug":"wirkungsprinzip-von-sazolene","status":"publish","type":"page","link":"https:\/\/www.sazolene.it\/de\/wirkungsprinzip-von-sazolene\/","title":{"rendered":"WIRKUNGSPRINZIP VON SAZOLENE\u00ae"},"content":{"rendered":"<div class=\"wpb-content-wrapper\"><p>[vc_row css_animation=&#8220;&#8220; row_type=&#8220;row&#8220; use_row_as_full_screen_section=&#8220;no&#8220; type=&#8220;full_width&#8220; angled_section=&#8220;no&#8220; text_align=&#8220;left&#8220; background_image_as_pattern=&#8220;without_pattern&#8220; el_class=&#8220;riga-applicazioni-img-destra&#8220; z_index=&#8220;&#8220;][vc_column][vc_row_inner row_type=&#8220;row&#8220; type=&#8220;full_width&#8220; text_align=&#8220;left&#8220; css_animation=&#8220;&#8220;][vc_column_inner][qode_elements_holder number_of_columns=&#8220;two_columns&#8220; alignment_one_column=&#8220;center&#8220; custom_class=&#8220;inverti_mobile&#8220;][qode_elements_holder_item advanced_animations=&#8220;no&#8220; custom_class=&#8220;colonna-sx-img-destra-sazolene inverti_mobile_txt&#8220;][vc_column_text]<\/p>\n<h2>Wie funktioniert Sazolene<sup>\u00ae<\/sup>?<\/h2>\n<p>[\/vc_column_text][vc_empty_space height=&#8220;22px&#8220;][vc_column_text]Die Stickstoffabgabe erfolgt im Gegensatz zu anderen Stickstofftechnologien mit langsamer Freisetzung durch einen Prozess der Bioverf\u00fcgbarkeit aufgrund der mikrobiellen Aktivit\u00e4t im Boden (Mineralisierung).<\/p>\n<p>&nbsp;<\/p>\n<p>Sazolene<sup>\u00ae<\/sup> ist eine Quelle von organischem Kohlenstoff (Lebensenergie) und Stickstoff (N\u00e4hrstoff) f\u00fcr die mikrobielle Bodenpopulation. Im Gegensatz zu anderen Technologien hemmt Sazolene<sup>\u00ae<\/sup> nicht die mikrobielle Aktivit\u00e4t im Boden (die f\u00fcr die nat\u00fcrlichen Mineralisierungsprozesse verantwortlich ist), sondern unterst\u00fctzt und verbessert die Entwicklung und nat\u00fcrliche Fruchtbarkeit des Bodens, da es eine Quelle f\u00fcr organischen Kohlenstoff und Stickstoff darstellt.<\/p>\n<p>&nbsp;<\/p>\n<p>Im Gegensatz zu Produkten, welche die Beschichtungstechnologie (beschichtete D\u00fcngemittel) nutzen, wird die langsame Freisetzung von Sazolene<sup>\u00ae<\/sup> nicht beeintr\u00e4chtigt, wenn das Granulat aufgrund von Transportvorg\u00e4ngen oder w\u00e4hrend der Verwendung zerbrechen oder ihre \u00e4u\u00dfere Beschichtung aufrei\u00dft. Die schrittweise Freisetzung von Sazolene<sup>\u00ae<\/sup> ist in der Tat auch bei zerbrochenem Granulat gew\u00e4hrleistet, was einen \u00fcberm\u00e4\u00dfigen Verlust von Stickstoff vermeidet. Die Verwendung von Methylen-Harnstoff erm\u00f6glicht folglich eine Unterst\u00fctzung der n\u00fctzlichen Mikroorganismen des Bodens, die f\u00fcr die nat\u00fcrliche Mineralisation verantwortlich sind (Aufspaltung der Polymerketten in einzelne Harnstoffeinheiten).<\/p>\n<p>&nbsp;<\/p>\n<p>Die Faktoren, die das Wurzelwachstum und die Pflanzenentwicklung steuern (haupts\u00e4chlich Feuchtigkeit und Temperatur), sind die gleichen wie diejenigen, die die Aktivit\u00e4t der Mikroorganismen regeln: Das bedeutet, dass der in Sazolene<sup>\u00ae<\/sup> enthaltene Stickstoff dann freigesetzt wird, wenn die Bedingungen f\u00fcr die Wurzelbildung und das Pflanzenwachstum optimal sind (die Freisetzung aus Sazolene<sup>\u00ae<\/sup> stimmt mit den Bed\u00fcrfnissen der Pflanzen \u00fcberein).<br \/>\nDadurch tr\u00e4gt Sazolene<sup>\u00ae<\/sup> zum Schutz des Grundwassers vor Nitratbelastung bei und h\u00e4lt den Stickstoff im mit den Wurzeln in Ber\u00fchrung kommenden Bodenprofil verf\u00fcgbar. Dieser Mechanismus gew\u00e4hrleistet ein gleichm\u00e4\u00dfiges und kr\u00e4ftiges Pflanzenwachstum auch bei hohen Temperaturen oder starken Niederschl\u00e4gen, da die Freisetzung des Stickstoffes nicht direkt von den Temperaturwerten oder von der Hydrolyse abh\u00e4ngt, sondern \u00fcber eine langsame Abgabe an das Wasser erfolgt.[\/vc_column_text][vc_empty_space height=&#8220;22px&#8220;][\/qode_elements_holder_item][qode_elements_holder_item advanced_animations=&#8220;no&#8220; custom_class=&#8220;colonna-dx-img-destra-sazolene inverti_mobile_img&#8220;][rev_slider_vc alias=&#8220;sazolene-funzionamento&#8220;][\/qode_elements_holder_item][\/qode_elements_holder][\/vc_column_inner][\/vc_row_inner][\/vc_column][\/vc_row][vc_row css_animation=&#8220;&#8220; row_type=&#8220;row&#8220; use_row_as_full_screen_section=&#8220;no&#8220; type=&#8220;full_width&#8220; angled_section=&#8220;no&#8220; text_align=&#8220;left&#8220; background_image_as_pattern=&#8220;without_pattern&#8220; el_class=&#8220;riga-applicazioni-img-sinistra&#8220; z_index=&#8220;&#8220;][vc_column][vc_column_text]<a id=\"ancora-leather\"><\/a>[\/vc_column_text][vc_row_inner row_type=&#8220;row&#8220; type=&#8220;full_width&#8220; text_align=&#8220;left&#8220; css_animation=&#8220;&#8220;][vc_column_inner][qode_elements_holder number_of_columns=&#8220;two_columns&#8220; alignment_one_column=&#8220;center&#8220;][qode_elements_holder_item advanced_animations=&#8220;no&#8220; custom_class=&#8220;colonna-sx-img-sinistra&#8220;][vc_single_image image=&#8220;4507&#8243; img_size=&#8220;full&#8220; alignment=&#8220;center&#8220; qode_css_animation=&#8220;&#8220;][\/qode_elements_holder_item][qode_elements_holder_item advanced_animations=&#8220;no&#8220; custom_class=&#8220;colonna-dx-img-sinistra&#8220;][vc_column_text]<\/p>\n<h2>Wie wird Sazolene<sup>\u00ae<\/sup> verwendet?<\/h2>\n<p>[\/vc_column_text][vc_empty_space height=&#8220;22px&#8220;][vc_column_text]Sazolene<sup>\u00ae<\/sup> wird \u00fcberwiegend als Rohstoff f\u00fcr die Herstellung von langsam freisetzenden D\u00fcngemitteln auf Basis von Stickstoff (N), bin\u00e4rer Art (NP, NK) oder tern\u00e4rer Art (NPK) verwendet, um einen Teil oder den gesamten Stickstoff in Form von langsamer Stickstofffreisetzung (Methylenharnstoff) zu liefern.<br \/>\nDank der verschiedenen kugelf\u00f6rmigen Korngr\u00f6\u00dfen, in denen es zur Verf\u00fcgung steht, ist es ein idealer Bestandteil f\u00fcr die Herstellung von D\u00fcngemitteln, die durch Mischen gewonnen werden. Sazolene<sup>\u00ae<\/sup> kann auch zur Herstellung von granulierten oder verdichteten D\u00fcngemitteln mit Chip-Granulometrie (0,4 mm) oder mit gr\u00f6\u00dferer Granulometrie (2 oder 3,5 mm) eingesetzt werden, wenn am Anfang des Herstellungsprozesses die verwendeten Rohstoffe zermahlen werden.<\/p>\n<p>&nbsp;<\/p>\n<p>Eine hohe Effizienz kann durch das Vermischen von Sazolene<sup>\u00ae<\/sup> mit Quellen von leicht l\u00f6slichem Stickstoff erreicht werden.<\/p>\n<p>&nbsp;<\/p>\n<p>Sazolene<sup>\u00ae<\/sup> kann auch direkt zur Stickstoffversorgung von Nutzpflanzen in einer einzigen Anwendung oder zur Erg\u00e4nzung der D\u00fcngung mit herk\u00f6mmlichen sofort wirkenden Produkten eingesetzt werden. Durch das Vermischen von Sazolene<sup>\u00ae<\/sup> mit anderen Rohstoffen ist es m\u00f6glich, eine breite Palette von NPK-Formulierungen mit variablem Gehalt an langsam freisetzendem Stickstoff zu erhalten.[\/vc_column_text][vc_empty_space height=&#8220;22px&#8220;][\/qode_elements_holder_item][\/qode_elements_holder][\/vc_column_inner][\/vc_row_inner][\/vc_column][\/vc_row][vc_row css_animation=&#8220;&#8220; row_type=&#8220;row&#8220; use_row_as_full_screen_section=&#8220;no&#8220; type=&#8220;full_width&#8220; angled_section=&#8220;no&#8220; text_align=&#8220;left&#8220; background_image_as_pattern=&#8220;without_pattern&#8220; el_class=&#8220;riga-applicazioni-prodotti-sazolene&#8220; z_index=&#8220;&#8220;][vc_column][qode_elements_holder number_of_columns=&#8220;two_columns&#8220;][qode_elements_holder_item vertical_alignment=&#8220;top&#8220; advanced_animations=&#8220;no&#8220; custom_class=&#8220;vantaggi-applicazioni-sazolene&#8220;][vc_column_text]<\/p>\n<h2 class=\"testo-centrato-mobile\">F\u00fcr welche Anwendungen eignet sich Sazolene<sup>\u00ae<\/sup>?<\/h2>\n<p>[\/vc_column_text][vc_empty_space height=&#8220;22px&#8220;][vc_column_text]<\/p>\n<p class=\"testo-centrato-mobile\">Die Produkte der Sazolene<sup>\u00ae<\/sup>-Reihe bieten eine derart gleichm\u00e4\u00dfige und sichere Stickstofffreisetzung, dass sie sich f\u00fcr viele Anwendungen optimal eignen. Sazolene<sup>\u00ae<\/sup> kann sowohl f\u00fcr Freilandkulturen, im Garten- und Obstbau (Nahrungsmittelkulturen) als auch f\u00fcr Rasen, Landschaftsbau, Blumenzucht und Zierpflanzen (Nichtnahrungsmittelkulturen) und bei allen Neuanpflanzungen eingesetzt werden. Sazolene<sup>\u00ae<\/sup>-Produkte bieten eine allm\u00e4hliche Freisetzung von Stickstoff in \u00dcbereinstimmung mit dem nat\u00fcrlichen Stickstoffbedarf der Pflanzen.<\/p>\n<p>[\/vc_column_text][vc_empty_space height=&#8220;22px&#8220;][\/qode_elements_holder_item][qode_elements_holder_item vertical_alignment=&#8220;top&#8220; advanced_animations=&#8220;no&#8220; custom_class=&#8220;applicazioni-prodotti-sazolene&#8220;][vc_empty_space height=&#8220;22px&#8220;][vc_column_text]<\/p>\n<h2 class=\"testo-centrato-mobile\">Die Vorteile<\/h2>\n<p>[\/vc_column_text][vc_empty_space height=&#8220;22px&#8220;][vc_column_text]<\/p>\n<ul style=\"list-style-position: outside;\">\n<li>Reduziert den Verlust des f\u00fcr Pflanzen verf\u00fcgbaren Stickstoffs<\/li>\n<li>Vermeidet die Nitratbelastung des Grundwassers<\/li>\n<li>Erh\u00f6ht die nat\u00fcrliche Bodenfruchtbarkeit<\/li>\n<li>Vermeidet Erscheinungen von Phytotoxizit\u00e4t und Blattverbrennungen<\/li>\n<li>F\u00f6rdert eine st\u00e4rkere Wurzelentwicklung<\/li>\n<li>Maximaler Uniformit\u00e4tsindex (U.I.)<\/li>\n<li>Stickstofffreisetzung \u00fcber 12 Wochen bis 10 Monate<\/li>\n<li>Rieself\u00e4higes Produkt mit geringer Neigung zur Klumpenbildung<\/li>\n<li>Reduziert die Anzahl der erforderlichen Ausbringungen<\/li>\n<\/ul>\n<p>[\/vc_column_text][vc_empty_space height=&#8220;52px&#8220;][\/qode_elements_holder_item][\/qode_elements_holder][\/vc_column][\/vc_row]<\/p>\n<\/div>","protected":false},"excerpt":{"rendered":"<p>[vc_row css_animation=&#8220;&#8220; row_type=&#8220;row&#8220; use_row_as_full_screen_section=&#8220;no&#8220; type=&#8220;full_width&#8220; angled_section=&#8220;no&#8220; text_align=&#8220;left&#8220; background_image_as_pattern=&#8220;without_pattern&#8220; el_class=&#8220;riga-applicazioni-img-destra&#8220; z_index=&#8220;&#8220;][vc_column][vc_row_inner row_type=&#8220;row&#8220; type=&#8220;full_width&#8220; text_align=&#8220;left&#8220; css_animation=&#8220;&#8220;][vc_column_inner][qode_elements_holder number_of_columns=&#8220;two_columns&#8220; alignment_one_column=&#8220;center&#8220; custom_class=&#8220;inverti_mobile&#8220;][qode_elements_holder_item advanced_animations=&#8220;no&#8220; custom_class=&#8220;colonna-sx-img-destra-sazolene inverti_mobile_txt&#8220;][vc_column_text] Wie funktioniert Sazolene\u00ae? [\/vc_column_text][vc_empty_space height=&#8220;22px&#8220;][vc_column_text]Die Stickstoffabgabe erfolgt im Gegensatz zu anderen Stickstofftechnologien mit langsamer Freisetzung durch einen Prozess der Bioverf\u00fcgbarkeit aufgrund der mikrobiellen Aktivit\u00e4t im&#8230;<\/p>\n","protected":false},"author":1,"featured_media":0,"parent":0,"menu_order":0,"comment_status":"closed","ping_status":"closed","template":"full_width.php","meta":{"footnotes":""},"class_list":["post-4054","page","type-page","status-publish","hentry"],"yoast_head":"<!-- This site is optimized with the Yoast SEO plugin v26.2 - https:\/\/yoast.com\/wordpress\/plugins\/seo\/ -->\n<title>WIRKUNGSPRINZIP VON SAZOLENE\u00ae | Sazolene<\/title>\n<meta name=\"robots\" content=\"index, follow, max-snippet:-1, max-image-preview:large, max-video-preview:-1\" \/>\n<link rel=\"canonical\" href=\"https:\/\/www.sazolene.it\/de\/wirkungsprinzip-von-sazolene\/\" \/>\n<meta property=\"og:locale\" content=\"de_DE\" \/>\n<meta property=\"og:type\" content=\"article\" \/>\n<meta property=\"og:title\" content=\"WIRKUNGSPRINZIP VON SAZOLENE\u00ae | Sazolene\" \/>\n<meta property=\"og:description\" content=\"[vc_row css_animation=&#8220;&#8220; row_type=&#8220;row&#8220; use_row_as_full_screen_section=&#8220;no&#8220; type=&#8220;full_width&#8220; angled_section=&#8220;no&#8220; text_align=&#8220;left&#8220; background_image_as_pattern=&#8220;without_pattern&#8220; el_class=&#8220;riga-applicazioni-img-destra&#8220; z_index=&#8220;&#8220;][vc_column][vc_row_inner row_type=&#8220;row&#8220; type=&#8220;full_width&#8220; text_align=&#8220;left&#8220; css_animation=&#8220;&#8220;][vc_column_inner][qode_elements_holder number_of_columns=&#8220;two_columns&#8220; alignment_one_column=&#8220;center&#8220; custom_class=&#8220;inverti_mobile&#8220;][qode_elements_holder_item advanced_animations=&#8220;no&#8220; custom_class=&#8220;colonna-sx-img-destra-sazolene inverti_mobile_txt&#8220;][vc_column_text] Wie funktioniert Sazolene\u00ae? [\/vc_column_text][vc_empty_space height=&#8220;22px&#8220;][vc_column_text]Die Stickstoffabgabe erfolgt im Gegensatz zu anderen Stickstofftechnologien mit langsamer Freisetzung durch einen Prozess der Bioverf\u00fcgbarkeit aufgrund der mikrobiellen Aktivit\u00e4t im...\" \/>\n<meta property=\"og:url\" content=\"https:\/\/www.sazolene.it\/de\/wirkungsprinzip-von-sazolene\/\" \/>\n<meta property=\"og:site_name\" content=\"Sazolene\" \/>\n<meta property=\"article:modified_time\" content=\"2020-02-26T11:25:13+00:00\" \/>\n<meta name=\"twitter:label1\" content=\"Gesch\u00e4tzte Lesezeit\" \/>\n\t<meta name=\"twitter:data1\" content=\"5\u00a0Minuten\" \/>\n<script type=\"application\/ld+json\" class=\"yoast-schema-graph\">{\"@context\":\"https:\/\/schema.org\",\"@graph\":[{\"@type\":\"WebPage\",\"@id\":\"https:\/\/www.sazolene.it\/de\/wirkungsprinzip-von-sazolene\/\",\"url\":\"https:\/\/www.sazolene.it\/de\/wirkungsprinzip-von-sazolene\/\",\"name\":\"WIRKUNGSPRINZIP VON SAZOLENE\u00ae | Sazolene\",\"isPartOf\":{\"@id\":\"https:\/\/www.sazolene.it\/ja\/#website\"},\"datePublished\":\"2013-06-04T09:37:51+00:00\",\"dateModified\":\"2020-02-26T11:25:13+00:00\",\"breadcrumb\":{\"@id\":\"https:\/\/www.sazolene.it\/de\/wirkungsprinzip-von-sazolene\/#breadcrumb\"},\"inLanguage\":\"de\",\"potentialAction\":[{\"@type\":\"ReadAction\",\"target\":[\"https:\/\/www.sazolene.it\/de\/wirkungsprinzip-von-sazolene\/\"]}]},{\"@type\":\"BreadcrumbList\",\"@id\":\"https:\/\/www.sazolene.it\/de\/wirkungsprinzip-von-sazolene\/#breadcrumb\",\"itemListElement\":[{\"@type\":\"ListItem\",\"position\":1,\"name\":\"Home\",\"item\":\"https:\/\/www.sazolene.it\/de\/\"},{\"@type\":\"ListItem\",\"position\":2,\"name\":\"WIRKUNGSPRINZIP VON SAZOLENE\u00ae\"}]},{\"@type\":\"WebSite\",\"@id\":\"https:\/\/www.sazolene.it\/ja\/#website\",\"url\":\"https:\/\/www.sazolene.it\/ja\/\",\"name\":\"Sazolene\",\"description\":\"Fertilizzante azotato a lento rilascio\",\"publisher\":{\"@id\":\"https:\/\/www.sazolene.it\/ja\/#organization\"},\"potentialAction\":[{\"@type\":\"SearchAction\",\"target\":{\"@type\":\"EntryPoint\",\"urlTemplate\":\"https:\/\/www.sazolene.it\/ja\/?s={search_term_string}\"},\"query-input\":{\"@type\":\"PropertyValueSpecification\",\"valueRequired\":true,\"valueName\":\"search_term_string\"}}],\"inLanguage\":\"de\"},{\"@type\":\"Organization\",\"@id\":\"https:\/\/www.sazolene.it\/ja\/#organization\",\"name\":\"Sazolene\",\"url\":\"https:\/\/www.sazolene.it\/ja\/\",\"logo\":{\"@type\":\"ImageObject\",\"inLanguage\":\"de\",\"@id\":\"https:\/\/www.sazolene.it\/ja\/#\/schema\/logo\/image\/\",\"url\":\"https:\/\/www.sazolene.it\/wp-content\/uploads\/2020\/02\/logosazolene1.png\",\"contentUrl\":\"https:\/\/www.sazolene.it\/wp-content\/uploads\/2020\/02\/logosazolene1.png\",\"width\":209,\"height\":97,\"caption\":\"Sazolene\"},\"image\":{\"@id\":\"https:\/\/www.sazolene.it\/ja\/#\/schema\/logo\/image\/\"}}]}<\/script>\n<!-- \/ Yoast SEO plugin. -->","yoast_head_json":{"title":"WIRKUNGSPRINZIP VON SAZOLENE\u00ae | Sazolene","robots":{"index":"index","follow":"follow","max-snippet":"max-snippet:-1","max-image-preview":"max-image-preview:large","max-video-preview":"max-video-preview:-1"},"canonical":"https:\/\/www.sazolene.it\/de\/wirkungsprinzip-von-sazolene\/","og_locale":"de_DE","og_type":"article","og_title":"WIRKUNGSPRINZIP VON SAZOLENE\u00ae | Sazolene","og_description":"[vc_row css_animation=&#8220;&#8220; row_type=&#8220;row&#8220; use_row_as_full_screen_section=&#8220;no&#8220; type=&#8220;full_width&#8220; angled_section=&#8220;no&#8220; text_align=&#8220;left&#8220; background_image_as_pattern=&#8220;without_pattern&#8220; el_class=&#8220;riga-applicazioni-img-destra&#8220; z_index=&#8220;&#8220;][vc_column][vc_row_inner row_type=&#8220;row&#8220; type=&#8220;full_width&#8220; text_align=&#8220;left&#8220; css_animation=&#8220;&#8220;][vc_column_inner][qode_elements_holder number_of_columns=&#8220;two_columns&#8220; alignment_one_column=&#8220;center&#8220; custom_class=&#8220;inverti_mobile&#8220;][qode_elements_holder_item advanced_animations=&#8220;no&#8220; custom_class=&#8220;colonna-sx-img-destra-sazolene inverti_mobile_txt&#8220;][vc_column_text] Wie funktioniert Sazolene\u00ae? [\/vc_column_text][vc_empty_space height=&#8220;22px&#8220;][vc_column_text]Die Stickstoffabgabe erfolgt im Gegensatz zu anderen Stickstofftechnologien mit langsamer Freisetzung durch einen Prozess der Bioverf\u00fcgbarkeit aufgrund der mikrobiellen Aktivit\u00e4t im...","og_url":"https:\/\/www.sazolene.it\/de\/wirkungsprinzip-von-sazolene\/","og_site_name":"Sazolene","article_modified_time":"2020-02-26T11:25:13+00:00","twitter_misc":{"Gesch\u00e4tzte Lesezeit":"5\u00a0Minuten"},"schema":{"@context":"https:\/\/schema.org","@graph":[{"@type":"WebPage","@id":"https:\/\/www.sazolene.it\/de\/wirkungsprinzip-von-sazolene\/","url":"https:\/\/www.sazolene.it\/de\/wirkungsprinzip-von-sazolene\/","name":"WIRKUNGSPRINZIP VON SAZOLENE\u00ae | Sazolene","isPartOf":{"@id":"https:\/\/www.sazolene.it\/ja\/#website"},"datePublished":"2013-06-04T09:37:51+00:00","dateModified":"2020-02-26T11:25:13+00:00","breadcrumb":{"@id":"https:\/\/www.sazolene.it\/de\/wirkungsprinzip-von-sazolene\/#breadcrumb"},"inLanguage":"de","potentialAction":[{"@type":"ReadAction","target":["https:\/\/www.sazolene.it\/de\/wirkungsprinzip-von-sazolene\/"]}]},{"@type":"BreadcrumbList","@id":"https:\/\/www.sazolene.it\/de\/wirkungsprinzip-von-sazolene\/#breadcrumb","itemListElement":[{"@type":"ListItem","position":1,"name":"Home","item":"https:\/\/www.sazolene.it\/de\/"},{"@type":"ListItem","position":2,"name":"WIRKUNGSPRINZIP VON SAZOLENE\u00ae"}]},{"@type":"WebSite","@id":"https:\/\/www.sazolene.it\/ja\/#website","url":"https:\/\/www.sazolene.it\/ja\/","name":"Sazolene","description":"Fertilizzante azotato a lento rilascio","publisher":{"@id":"https:\/\/www.sazolene.it\/ja\/#organization"},"potentialAction":[{"@type":"SearchAction","target":{"@type":"EntryPoint","urlTemplate":"https:\/\/www.sazolene.it\/ja\/?s={search_term_string}"},"query-input":{"@type":"PropertyValueSpecification","valueRequired":true,"valueName":"search_term_string"}}],"inLanguage":"de"},{"@type":"Organization","@id":"https:\/\/www.sazolene.it\/ja\/#organization","name":"Sazolene","url":"https:\/\/www.sazolene.it\/ja\/","logo":{"@type":"ImageObject","inLanguage":"de","@id":"https:\/\/www.sazolene.it\/ja\/#\/schema\/logo\/image\/","url":"https:\/\/www.sazolene.it\/wp-content\/uploads\/2020\/02\/logosazolene1.png","contentUrl":"https:\/\/www.sazolene.it\/wp-content\/uploads\/2020\/02\/logosazolene1.png","width":209,"height":97,"caption":"Sazolene"},"image":{"@id":"https:\/\/www.sazolene.it\/ja\/#\/schema\/logo\/image\/"}}]}},"_links":{"self":[{"href":"https:\/\/www.sazolene.it\/de\/wp-json\/wp\/v2\/pages\/4054","targetHints":{"allow":["GET"]}}],"collection":[{"href":"https:\/\/www.sazolene.it\/de\/wp-json\/wp\/v2\/pages"}],"about":[{"href":"https:\/\/www.sazolene.it\/de\/wp-json\/wp\/v2\/types\/page"}],"author":[{"embeddable":true,"href":"https:\/\/www.sazolene.it\/de\/wp-json\/wp\/v2\/users\/1"}],"replies":[{"embeddable":true,"href":"https:\/\/www.sazolene.it\/de\/wp-json\/wp\/v2\/comments?post=4054"}],"version-history":[{"count":5,"href":"https:\/\/www.sazolene.it\/de\/wp-json\/wp\/v2\/pages\/4054\/revisions"}],"predecessor-version":[{"id":4766,"href":"https:\/\/www.sazolene.it\/de\/wp-json\/wp\/v2\/pages\/4054\/revisions\/4766"}],"wp:attachment":[{"href":"https:\/\/www.sazolene.it\/de\/wp-json\/wp\/v2\/media?parent=4054"}],"curies":[{"name":"wp","href":"https:\/\/api.w.org\/{rel}","templated":true}]}}