{"id":4123,"date":"2013-06-04T11:37:51","date_gmt":"2013-06-04T09:37:51","guid":{"rendered":"https:\/\/www.sazolene.it\/es\/come-funziona\/"},"modified":"2020-02-26T16:44:48","modified_gmt":"2020-02-26T15:44:48","slug":"como-funciona-sazolene","status":"publish","type":"page","link":"https:\/\/www.sazolene.it\/es\/como-funciona-sazolene\/","title":{"rendered":"C\u00f3mo funciona Sazolene\u00ae"},"content":{"rendered":"<div class=\"wpb-content-wrapper\"><p>[vc_row css_animation=\u00bb\u00bb row_type=\u00bbrow\u00bb use_row_as_full_screen_section=\u00bbno\u00bb type=\u00bbfull_width\u00bb angled_section=\u00bbno\u00bb text_align=\u00bbleft\u00bb background_image_as_pattern=\u00bbwithout_pattern\u00bb el_class=\u00bbriga-applicazioni-img-destra\u00bb z_index=\u00bb\u00bb][vc_column][vc_row_inner row_type=\u00bbrow\u00bb type=\u00bbfull_width\u00bb text_align=\u00bbleft\u00bb css_animation=\u00bb\u00bb][vc_column_inner][qode_elements_holder number_of_columns=\u00bbtwo_columns\u00bb alignment_one_column=\u00bbcenter\u00bb custom_class=\u00bbinverti_mobile\u00bb][qode_elements_holder_item advanced_animations=\u00bbno\u00bb custom_class=\u00bbcolonna-sx-img-destra-sazolene inverti_mobile_txt\u00bb][vc_column_text]<\/p>\n<h2>C\u00f3mo funciona Sazolene<sup>\u00ae<\/sup>?<\/h2>\n<p>[\/vc_column_text][vc_empty_space height=\u00bb22px\u00bb][vc_column_text]El mecanismo de liberaci\u00f3n de nitr\u00f3geno, diversamente de otras tecnolog\u00edas de Nitr\u00f3geno de liberaci\u00f3n lenta, ocurre mediante un proceso de biodisponibilidad debida a la acci\u00f3n microbiana en el suelo (mineralizaci\u00f3n).<\/p>\n<p>&nbsp;<\/p>\n<p>El Sazolene<sup>\u00ae<\/sup> es una fuente de carbono org\u00e1nico (energ\u00eda vital) y nitr\u00f3geno (nutriente) para la poblaci\u00f3n microbiana del suelo. A diferencia de otras tecnolog\u00edas, Sazolene<sup>\u00ae<\/sup> no inhibe las actividades microbianas del suelo (responsable de los procesos naturales de mineralizaci\u00f3n) sino que, por el contrario, sostiene y mejora el desarrollo y la natural fertilidad del suelo, ya que representa una fuente de carbono org\u00e1nico y nitr\u00f3geno.<\/p>\n<p>&nbsp;<\/p>\n<p>Al contrario de otros productos que emplean tecnolog\u00eda de recubrimiento (coated fertilizer), la caracter\u00edstica de liberaci\u00f3n lenta de Sazolene<sup>\u00ae<\/sup> no se ve afectada en caso de rotura de los gr\u00e1nulos o grietas en el recubrimiento (coating) producidas por la manipulaci\u00f3n o durante el uso. La liberaci\u00f3n gradual de Sazolene<sup>\u00ae<\/sup> est\u00e1 garantizada incluso en caso de rotura de los gr\u00e1nulos, lo que evita grandes p\u00e9rdidas de nitr\u00f3geno. El uso de metilen-urea permite sustentar la poblaci\u00f3n microbiana beneficiosa para el suelo, responsable de los procesos de mineralizaci\u00f3n naturales (descomposici\u00f3n de las cadenas de pol\u00edmeros en unidades individuales de urea).<\/p>\n<p>&nbsp;<\/p>\n<p>Los factores que controlan el crecimiento radical y el desarrollo de las plantas (principalmente humedad y temperatura) son los mismos que regulan la actividad de los microorganismos: esto significa que el nitr\u00f3geno del Sazolene<sup>\u00ae<\/sup> se vuelve disponible cuando las condiciones para el desarrollo radical y el crecimiento vegetal son ideales (la liberaci\u00f3n del Sazolene<sup>\u00ae<\/sup> se sincroniza con las necesidades del cultivo).<\/p>\n<p>&nbsp;<\/p>\n<p>Por lo tanto, el Sazolene<sup>\u00ae<\/sup> ayuda a proteger contra la contaminaci\u00f3n de nitratos en los acu\u00edferos y mantiene el Nitr\u00f3geno disponible en las capas del suelo exploradas por las ra\u00edces. Este mecanismo asegura un uniforme y sostenido crecimiento de la planta, incluso en condiciones de elevada temperatura o fuertes precipitaciones, ya que la liberaci\u00f3n del Nitr\u00f3geno no depende directamente s\u00f3lo de la temperatura o fen\u00f3menos de hidrolisis, por ser una fuente de nitr\u00f3geno que se disuelve lentamente en agua.[\/vc_column_text][vc_empty_space height=\u00bb22px\u00bb][\/qode_elements_holder_item][qode_elements_holder_item advanced_animations=\u00bbno\u00bb custom_class=\u00bbcolonna-dx-img-destra-sazolene inverti_mobile_img\u00bb][rev_slider_vc alias=\u00bbsazolene-funzionamento\u00bb][\/qode_elements_holder_item][\/qode_elements_holder][\/vc_column_inner][\/vc_row_inner][\/vc_column][\/vc_row][vc_row css_animation=\u00bb\u00bb row_type=\u00bbrow\u00bb use_row_as_full_screen_section=\u00bbno\u00bb type=\u00bbfull_width\u00bb angled_section=\u00bbno\u00bb text_align=\u00bbleft\u00bb background_image_as_pattern=\u00bbwithout_pattern\u00bb el_class=\u00bbriga-applicazioni-img-sinistra\u00bb z_index=\u00bb\u00bb][vc_column][vc_column_text]<a id=\"ancora-leather\"><\/a>[\/vc_column_text][vc_row_inner row_type=\u00bbrow\u00bb type=\u00bbfull_width\u00bb text_align=\u00bbleft\u00bb css_animation=\u00bb\u00bb][vc_column_inner][qode_elements_holder number_of_columns=\u00bbtwo_columns\u00bb alignment_one_column=\u00bbcenter\u00bb][qode_elements_holder_item advanced_animations=\u00bbno\u00bb custom_class=\u00bbcolonna-sx-img-sinistra\u00bb][vc_single_image image=\u00bb4507&#8243; img_size=\u00bbfull\u00bb alignment=\u00bbcenter\u00bb qode_css_animation=\u00bb\u00bb][\/qode_elements_holder_item][qode_elements_holder_item advanced_animations=\u00bbno\u00bb custom_class=\u00bbcolonna-dx-img-sinistra\u00bb][vc_column_text]<\/p>\n<h2>C\u00f3mo utilizar Sazolene<sup>\u00ae<\/sup>?<\/h2>\n<p>[\/vc_column_text][vc_empty_space height=\u00bb22px\u00bb][vc_column_text]Sazolene<sup>\u00ae<\/sup> se utiliza principalmente como materia prima para la producci\u00f3n de fertilizantes de liberaci\u00f3n lenta nitrogenados (N), binarios (NP, NK) o ternarios (NPK) para proporcionar una parte o todo el nitr\u00f3geno mediante liberaci\u00f3n lenta (metilenurea).<br \/>\nGracias a la forma esf\u00e9rica y las diversas granulometr\u00edas disponibles es un componente ideal para la producci\u00f3n de fertilizantes obtenidos por mezcla. Sazolene\u00ae puede ser utilizado tambi\u00e9n para la producci\u00f3n de fertilizantes granulados o compactados, utilizando la granulometr\u00eda de chips (0,4 mm) o bien, las granulometr\u00edas mayores (2 o 3,5 mm) en caso de que el proceso de partida prevea moler las materias primas utilizadas.<\/p>\n<p>&nbsp;<\/p>\n<p>Se puede obtener una gran eficiencia mezclando Sazolene<sup>\u00ae<\/sup> con otras fuentes de nitr\u00f3geno r\u00e1pidamente soluble.<\/p>\n<p>&nbsp;<\/p>\n<p>Sazolene<sup>\u00ae<\/sup> puede ser utilizado tambi\u00e9n directamente para aportar el nitr\u00f3geno necesario para los cultivos en una \u00fanica aplicaci\u00f3n o para integrar las fertilizaciones con productos tradicionales de r\u00e1pido efecto. Mezclando oportunamente Sazolene<sup>\u00ae<\/sup> con otras materias primas es posible obtener una amplia gama de f\u00f3rmulas NPK con contenido variable de nitr\u00f3geno de liberaci\u00f3n lenta.[\/vc_column_text][vc_empty_space height=\u00bb22px\u00bb][\/qode_elements_holder_item][\/qode_elements_holder][\/vc_column_inner][\/vc_row_inner][\/vc_column][\/vc_row][vc_row css_animation=\u00bb\u00bb row_type=\u00bbrow\u00bb use_row_as_full_screen_section=\u00bbno\u00bb type=\u00bbfull_width\u00bb angled_section=\u00bbno\u00bb text_align=\u00bbleft\u00bb background_image_as_pattern=\u00bbwithout_pattern\u00bb el_class=\u00bbriga-applicazioni-prodotti-sazolene\u00bb z_index=\u00bb\u00bb][vc_column][qode_elements_holder number_of_columns=\u00bbtwo_columns\u00bb][qode_elements_holder_item vertical_alignment=\u00bbtop\u00bb advanced_animations=\u00bbno\u00bb custom_class=\u00bbvantaggi-applicazioni-sazolene\u00bb][vc_column_text]<\/p>\n<h2 class=\"testo-centrato-mobile\">Para cu\u00e1les aplicaciones se puede usar Sazolene<sup>\u00ae<\/sup>?<\/h2>\n<p>[\/vc_column_text][vc_empty_space height=\u00bb22px\u00bb][vc_column_text]<\/p>\n<p class=\"testo-centrato-mobile\">Los productos de la gama Sazolene<sup>\u00ae<\/sup> poseen caracter\u00edsticas de liberaci\u00f3n de nitr\u00f3geno tan uniformes y seguras que son ideales para m\u00faltiples aplicaciones. De hecho, Sazolene<sup>\u00ae<\/sup> puede ser utilizado tanto para cultivos agr\u00edcolas de campo abierto, horticultura y fruticultura (cultivos alimentarios), como para c\u00e9spedes, paisajismo, viveros y plantas ornamentales (cultivos no alimentarios) y en todos los casos de nuevas instalaciones. Los productos a base de Sazolene<sup>\u00ae<\/sup> facilitan una gradual liberaci\u00f3n del nitr\u00f3geno en armon\u00eda con las naturales necesidades de nitr\u00f3geno de las plantas.<\/p>\n<p>[\/vc_column_text][vc_empty_space height=\u00bb22px\u00bb][\/qode_elements_holder_item][qode_elements_holder_item vertical_alignment=\u00bbtop\u00bb advanced_animations=\u00bbno\u00bb custom_class=\u00bbapplicazioni-prodotti-sazolene\u00bb][vc_empty_space height=\u00bb22px\u00bb][vc_column_text]<\/p>\n<h2 class=\"testo-centrato-mobile\">Las ventajas<\/h2>\n<p>[\/vc_column_text][vc_empty_space height=\u00bb22px\u00bb][vc_column_text]<\/p>\n<ul style=\"list-style-position: outside;\">\n<li>Reduce las p\u00e9rdidas de Nitr\u00f3geno disponible para las plantas<\/li>\n<li>Elimina la contaminaci\u00f3n de nitratos en los acu\u00edferos<\/li>\n<li>Incrementa la natural fertilidad del suelo<\/li>\n<li>Elimina los efectos fitot\u00f3xicos y las quemaduras del follaje<\/li>\n<li>Favorece un mayor desarrollo radical<\/li>\n<li>M\u00e1ximo \u00edndice de uniformidad (U.I.)<\/li>\n<li>Liberaci\u00f3n de nitr\u00f3geno de 12 semanas a 10 meses<\/li>\n<li>Producto deslizante con baja tendencia a aglutinarse<\/li>\n<li>Reducci\u00f3n del n\u00famero de aplicaciones<\/li>\n<\/ul>\n<p>[\/vc_column_text][vc_empty_space height=\u00bb52px\u00bb][\/qode_elements_holder_item][\/qode_elements_holder][\/vc_column][\/vc_row]<\/p>\n<\/div>","protected":false},"excerpt":{"rendered":"<p>[vc_row css_animation=\u00bb\u00bb row_type=\u00bbrow\u00bb use_row_as_full_screen_section=\u00bbno\u00bb type=\u00bbfull_width\u00bb angled_section=\u00bbno\u00bb text_align=\u00bbleft\u00bb background_image_as_pattern=\u00bbwithout_pattern\u00bb el_class=\u00bbriga-applicazioni-img-destra\u00bb z_index=\u00bb\u00bb][vc_column][vc_row_inner row_type=\u00bbrow\u00bb type=\u00bbfull_width\u00bb text_align=\u00bbleft\u00bb css_animation=\u00bb\u00bb][vc_column_inner][qode_elements_holder number_of_columns=\u00bbtwo_columns\u00bb alignment_one_column=\u00bbcenter\u00bb custom_class=\u00bbinverti_mobile\u00bb][qode_elements_holder_item advanced_animations=\u00bbno\u00bb custom_class=\u00bbcolonna-sx-img-destra-sazolene inverti_mobile_txt\u00bb][vc_column_text] C\u00f3mo funciona Sazolene\u00ae? [\/vc_column_text][vc_empty_space height=\u00bb22px\u00bb][vc_column_text]El mecanismo de liberaci\u00f3n de nitr\u00f3geno, diversamente de otras tecnolog\u00edas de Nitr\u00f3geno de liberaci\u00f3n lenta, ocurre mediante un proceso de biodisponibilidad&#8230;<\/p>\n","protected":false},"author":1,"featured_media":0,"parent":0,"menu_order":0,"comment_status":"closed","ping_status":"closed","template":"full_width.php","meta":{"footnotes":""},"class_list":["post-4123","page","type-page","status-publish","hentry"],"yoast_head":"<!-- This site is optimized with the Yoast SEO plugin v26.2 - https:\/\/yoast.com\/wordpress\/plugins\/seo\/ -->\n<title>C\u00f3mo funciona Sazolene\u00ae | Sazolene<\/title>\n<meta name=\"robots\" content=\"index, follow, max-snippet:-1, max-image-preview:large, max-video-preview:-1\" \/>\n<link rel=\"canonical\" href=\"https:\/\/www.sazolene.it\/es\/como-funciona-sazolene\/\" \/>\n<meta property=\"og:locale\" content=\"es_ES\" \/>\n<meta property=\"og:type\" content=\"article\" \/>\n<meta property=\"og:title\" content=\"C\u00f3mo funciona Sazolene\u00ae | Sazolene\" \/>\n<meta property=\"og:description\" content=\"[vc_row css_animation=\u00bb\u00bb row_type=\u00bbrow\u00bb use_row_as_full_screen_section=\u00bbno\u00bb type=\u00bbfull_width\u00bb angled_section=\u00bbno\u00bb text_align=\u00bbleft\u00bb background_image_as_pattern=\u00bbwithout_pattern\u00bb el_class=\u00bbriga-applicazioni-img-destra\u00bb z_index=\u00bb\u00bb][vc_column][vc_row_inner row_type=\u00bbrow\u00bb type=\u00bbfull_width\u00bb text_align=\u00bbleft\u00bb css_animation=\u00bb\u00bb][vc_column_inner][qode_elements_holder number_of_columns=\u00bbtwo_columns\u00bb alignment_one_column=\u00bbcenter\u00bb custom_class=\u00bbinverti_mobile\u00bb][qode_elements_holder_item advanced_animations=\u00bbno\u00bb custom_class=\u00bbcolonna-sx-img-destra-sazolene inverti_mobile_txt\u00bb][vc_column_text] C\u00f3mo funciona Sazolene\u00ae? [\/vc_column_text][vc_empty_space height=\u00bb22px\u00bb][vc_column_text]El mecanismo de liberaci\u00f3n de nitr\u00f3geno, diversamente de otras tecnolog\u00edas de Nitr\u00f3geno de liberaci\u00f3n lenta, ocurre mediante un proceso de biodisponibilidad...\" \/>\n<meta property=\"og:url\" content=\"https:\/\/www.sazolene.it\/es\/como-funciona-sazolene\/\" \/>\n<meta property=\"og:site_name\" content=\"Sazolene\" \/>\n<meta property=\"article:modified_time\" content=\"2020-02-26T15:44:48+00:00\" \/>\n<meta name=\"twitter:label1\" content=\"Tiempo de lectura\" \/>\n\t<meta name=\"twitter:data1\" content=\"6 minutos\" \/>\n<script type=\"application\/ld+json\" class=\"yoast-schema-graph\">{\"@context\":\"https:\/\/schema.org\",\"@graph\":[{\"@type\":\"WebPage\",\"@id\":\"https:\/\/www.sazolene.it\/es\/como-funciona-sazolene\/\",\"url\":\"https:\/\/www.sazolene.it\/es\/como-funciona-sazolene\/\",\"name\":\"C\u00f3mo funciona Sazolene\u00ae | Sazolene\",\"isPartOf\":{\"@id\":\"https:\/\/www.sazolene.it\/ja\/#website\"},\"datePublished\":\"2013-06-04T09:37:51+00:00\",\"dateModified\":\"2020-02-26T15:44:48+00:00\",\"breadcrumb\":{\"@id\":\"https:\/\/www.sazolene.it\/es\/como-funciona-sazolene\/#breadcrumb\"},\"inLanguage\":\"es\",\"potentialAction\":[{\"@type\":\"ReadAction\",\"target\":[\"https:\/\/www.sazolene.it\/es\/como-funciona-sazolene\/\"]}]},{\"@type\":\"BreadcrumbList\",\"@id\":\"https:\/\/www.sazolene.it\/es\/como-funciona-sazolene\/#breadcrumb\",\"itemListElement\":[{\"@type\":\"ListItem\",\"position\":1,\"name\":\"Home\",\"item\":\"https:\/\/www.sazolene.it\/es\/\"},{\"@type\":\"ListItem\",\"position\":2,\"name\":\"C\u00f3mo funciona Sazolene\u00ae\"}]},{\"@type\":\"WebSite\",\"@id\":\"https:\/\/www.sazolene.it\/ja\/#website\",\"url\":\"https:\/\/www.sazolene.it\/ja\/\",\"name\":\"Sazolene\",\"description\":\"Fertilizzante azotato a lento rilascio\",\"publisher\":{\"@id\":\"https:\/\/www.sazolene.it\/ja\/#organization\"},\"potentialAction\":[{\"@type\":\"SearchAction\",\"target\":{\"@type\":\"EntryPoint\",\"urlTemplate\":\"https:\/\/www.sazolene.it\/ja\/?s={search_term_string}\"},\"query-input\":{\"@type\":\"PropertyValueSpecification\",\"valueRequired\":true,\"valueName\":\"search_term_string\"}}],\"inLanguage\":\"es\"},{\"@type\":\"Organization\",\"@id\":\"https:\/\/www.sazolene.it\/ja\/#organization\",\"name\":\"Sazolene\",\"url\":\"https:\/\/www.sazolene.it\/ja\/\",\"logo\":{\"@type\":\"ImageObject\",\"inLanguage\":\"es\",\"@id\":\"https:\/\/www.sazolene.it\/ja\/#\/schema\/logo\/image\/\",\"url\":\"https:\/\/www.sazolene.it\/wp-content\/uploads\/2020\/02\/logosazolene1.png\",\"contentUrl\":\"https:\/\/www.sazolene.it\/wp-content\/uploads\/2020\/02\/logosazolene1.png\",\"width\":209,\"height\":97,\"caption\":\"Sazolene\"},\"image\":{\"@id\":\"https:\/\/www.sazolene.it\/ja\/#\/schema\/logo\/image\/\"}}]}<\/script>\n<!-- \/ Yoast SEO plugin. -->","yoast_head_json":{"title":"C\u00f3mo funciona Sazolene\u00ae | Sazolene","robots":{"index":"index","follow":"follow","max-snippet":"max-snippet:-1","max-image-preview":"max-image-preview:large","max-video-preview":"max-video-preview:-1"},"canonical":"https:\/\/www.sazolene.it\/es\/como-funciona-sazolene\/","og_locale":"es_ES","og_type":"article","og_title":"C\u00f3mo funciona Sazolene\u00ae | Sazolene","og_description":"[vc_row css_animation=\u00bb\u00bb row_type=\u00bbrow\u00bb use_row_as_full_screen_section=\u00bbno\u00bb type=\u00bbfull_width\u00bb angled_section=\u00bbno\u00bb text_align=\u00bbleft\u00bb background_image_as_pattern=\u00bbwithout_pattern\u00bb el_class=\u00bbriga-applicazioni-img-destra\u00bb z_index=\u00bb\u00bb][vc_column][vc_row_inner row_type=\u00bbrow\u00bb type=\u00bbfull_width\u00bb text_align=\u00bbleft\u00bb css_animation=\u00bb\u00bb][vc_column_inner][qode_elements_holder number_of_columns=\u00bbtwo_columns\u00bb alignment_one_column=\u00bbcenter\u00bb custom_class=\u00bbinverti_mobile\u00bb][qode_elements_holder_item advanced_animations=\u00bbno\u00bb custom_class=\u00bbcolonna-sx-img-destra-sazolene inverti_mobile_txt\u00bb][vc_column_text] C\u00f3mo funciona Sazolene\u00ae? [\/vc_column_text][vc_empty_space height=\u00bb22px\u00bb][vc_column_text]El mecanismo de liberaci\u00f3n de nitr\u00f3geno, diversamente de otras tecnolog\u00edas de Nitr\u00f3geno de liberaci\u00f3n lenta, ocurre mediante un proceso de biodisponibilidad...","og_url":"https:\/\/www.sazolene.it\/es\/como-funciona-sazolene\/","og_site_name":"Sazolene","article_modified_time":"2020-02-26T15:44:48+00:00","twitter_misc":{"Tiempo de lectura":"6 minutos"},"schema":{"@context":"https:\/\/schema.org","@graph":[{"@type":"WebPage","@id":"https:\/\/www.sazolene.it\/es\/como-funciona-sazolene\/","url":"https:\/\/www.sazolene.it\/es\/como-funciona-sazolene\/","name":"C\u00f3mo funciona Sazolene\u00ae | Sazolene","isPartOf":{"@id":"https:\/\/www.sazolene.it\/ja\/#website"},"datePublished":"2013-06-04T09:37:51+00:00","dateModified":"2020-02-26T15:44:48+00:00","breadcrumb":{"@id":"https:\/\/www.sazolene.it\/es\/como-funciona-sazolene\/#breadcrumb"},"inLanguage":"es","potentialAction":[{"@type":"ReadAction","target":["https:\/\/www.sazolene.it\/es\/como-funciona-sazolene\/"]}]},{"@type":"BreadcrumbList","@id":"https:\/\/www.sazolene.it\/es\/como-funciona-sazolene\/#breadcrumb","itemListElement":[{"@type":"ListItem","position":1,"name":"Home","item":"https:\/\/www.sazolene.it\/es\/"},{"@type":"ListItem","position":2,"name":"C\u00f3mo funciona Sazolene\u00ae"}]},{"@type":"WebSite","@id":"https:\/\/www.sazolene.it\/ja\/#website","url":"https:\/\/www.sazolene.it\/ja\/","name":"Sazolene","description":"Fertilizzante azotato a lento rilascio","publisher":{"@id":"https:\/\/www.sazolene.it\/ja\/#organization"},"potentialAction":[{"@type":"SearchAction","target":{"@type":"EntryPoint","urlTemplate":"https:\/\/www.sazolene.it\/ja\/?s={search_term_string}"},"query-input":{"@type":"PropertyValueSpecification","valueRequired":true,"valueName":"search_term_string"}}],"inLanguage":"es"},{"@type":"Organization","@id":"https:\/\/www.sazolene.it\/ja\/#organization","name":"Sazolene","url":"https:\/\/www.sazolene.it\/ja\/","logo":{"@type":"ImageObject","inLanguage":"es","@id":"https:\/\/www.sazolene.it\/ja\/#\/schema\/logo\/image\/","url":"https:\/\/www.sazolene.it\/wp-content\/uploads\/2020\/02\/logosazolene1.png","contentUrl":"https:\/\/www.sazolene.it\/wp-content\/uploads\/2020\/02\/logosazolene1.png","width":209,"height":97,"caption":"Sazolene"},"image":{"@id":"https:\/\/www.sazolene.it\/ja\/#\/schema\/logo\/image\/"}}]}},"_links":{"self":[{"href":"https:\/\/www.sazolene.it\/es\/wp-json\/wp\/v2\/pages\/4123","targetHints":{"allow":["GET"]}}],"collection":[{"href":"https:\/\/www.sazolene.it\/es\/wp-json\/wp\/v2\/pages"}],"about":[{"href":"https:\/\/www.sazolene.it\/es\/wp-json\/wp\/v2\/types\/page"}],"author":[{"embeddable":true,"href":"https:\/\/www.sazolene.it\/es\/wp-json\/wp\/v2\/users\/1"}],"replies":[{"embeddable":true,"href":"https:\/\/www.sazolene.it\/es\/wp-json\/wp\/v2\/comments?post=4123"}],"version-history":[{"count":4,"href":"https:\/\/www.sazolene.it\/es\/wp-json\/wp\/v2\/pages\/4123\/revisions"}],"predecessor-version":[{"id":4833,"href":"https:\/\/www.sazolene.it\/es\/wp-json\/wp\/v2\/pages\/4123\/revisions\/4833"}],"wp:attachment":[{"href":"https:\/\/www.sazolene.it\/es\/wp-json\/wp\/v2\/media?parent=4123"}],"curies":[{"name":"wp","href":"https:\/\/api.w.org\/{rel}","templated":true}]}}