{"id":4797,"date":"2020-02-05T17:15:34","date_gmt":"2020-02-05T16:15:34","guid":{"rendered":"https:\/\/www.sazolene.it\/liquidi\/"},"modified":"2020-02-26T13:30:58","modified_gmt":"2020-02-26T12:30:58","slug":"liquidos","status":"publish","type":"page","link":"https:\/\/www.sazolene.it\/es\/liquidos\/","title":{"rendered":"L\u00edquidos"},"content":{"rendered":"<div class=\"wpb-content-wrapper\"><p>[vc_row css_animation=\u00bb\u00bb row_type=\u00bbrow\u00bb use_row_as_full_screen_section=\u00bbno\u00bb type=\u00bbfull_width\u00bb angled_section=\u00bbno\u00bb text_align=\u00bbleft\u00bb background_image_as_pattern=\u00bbwithout_pattern\u00bb el_class=\u00bbriga-prodotti-granulari-sazolene\u00bb z_index=\u00bb\u00bb][vc_column][vc_empty_space height=\u00bb150px\u00bb][vc_row_inner row_type=\u00bbrow\u00bb type=\u00bbgrid\u00bb text_align=\u00bbleft\u00bb css_animation=\u00bb\u00bb][vc_column_inner][qode_elements_holder number_of_columns=\u00bbone_column\u00bb alignment_one_column=\u00bbcenter\u00bb][qode_elements_holder_item advanced_animations=\u00bbno\u00bb custom_class=\u00bbcolonna-intro-granulari-sazolene\u00bb][vc_column_text]<\/p>\n<h1><span style=\"color: #ffffff;\">Productos L\u00edquidos<\/span><\/h1>\n<p>[\/vc_column_text][vc_empty_space][vc_column_text]<\/p>\n<h3><span style=\"color: #ffffff;\">SAZOLENE SC<\/span><\/h3>\n<p>&nbsp;<\/p>\n<h3><span style=\"color: #ffffff;\">NPK<\/span><\/h3>\n<p>[\/vc_column_text][\/qode_elements_holder_item][\/qode_elements_holder][\/vc_column_inner][\/vc_row_inner][vc_empty_space height=\u00bb150px\u00bb][\/vc_column][\/vc_row][vc_row css_animation=\u00bb\u00bb row_type=\u00bbrow\u00bb use_row_as_full_screen_section=\u00bbno\u00bb type=\u00bbfull_width\u00bb angled_section=\u00bbno\u00bb text_align=\u00bbleft\u00bb background_image_as_pattern=\u00bbwithout_pattern\u00bb el_class=\u00bbriga-applicazioni-img-sinistra\u00bb z_index=\u00bb\u00bb el_id=\u00bbliquidi_sc\u00bb][vc_column][vc_row_inner row_type=\u00bbrow\u00bb type=\u00bbfull_width\u00bb text_align=\u00bbleft\u00bb css_animation=\u00bb\u00bb][vc_column_inner][qode_elements_holder number_of_columns=\u00bbtwo_columns\u00bb alignment_one_column=\u00bbcenter\u00bb][qode_elements_holder_item advanced_animations=\u00bbno\u00bb custom_class=\u00bbcolonna-sx-img-sinistra\u00bb][vc_single_image image=\u00bb4535&#8243; img_size=\u00bbfull\u00bb alignment=\u00bbcenter\u00bb qode_css_animation=\u00bb\u00bb][\/qode_elements_holder_item][qode_elements_holder_item advanced_animations=\u00bbno\u00bb custom_class=\u00bbcolonna-dx-img-sinistra\u00bb][vc_column_text]<\/p>\n<h2>Sazolene SC<\/h2>\n<p>[\/vc_column_text][vc_empty_space height=\u00bb22px\u00bb][vc_column_text]Sazolene<sup>\u00ae<\/sup> SC es una soluci\u00f3n de fertilizante nitrogenado l\u00edquido con alrededor del 60% de nitr\u00f3geno como metilurea. Sazolene<sup>\u00ae<\/sup> mejora la absorci\u00f3n nitrogenada, la traslaci\u00f3n y removilizaci\u00f3n y es especialmente indicado per cultivos agr\u00edcolas de campo abierto, hortalizas, frutas y frutos secos.<br \/>\nLa aplicaci\u00f3n es especialmente segura para los cultivos gracias al muy bajo \u00edndice de salinidad. Puede ser utilizado para aplicaciones al follaje sobre todos los cultivos para estimular su crecimiento y calidad o bien para corregir eventuales carencias de nitr\u00f3geno. Puede tambi\u00e9n ser aplicado al suelo localizado en banda, o utilizado en fertirrigaci\u00f3n. Sazolene<sup>\u00ae<\/sup> SC contiene 350 g de nitr\u00f3geno por litro y puede ser utilizado en soluciones concentradas o diluidas, tanto para aplicaciones en suelo como al follaje. Aplicar con suficiente volumen de agua para obtener una adecuada cobertura de la superficie interesada, evitar aplicaciones con temperaturas superiores a 30 \u00b0C y en casos de agua menor al 30%.<\/p>\n<p>&nbsp;<\/p>\n<p>Sazolene<sup>\u00ae<\/sup> SC es especialmente compatible con la mayor parte de los fertilizantes a base de f\u00f3sforo y potasio, microelementos, as\u00ed como a la mayor parte de los agrof\u00e1rmacos.[\/vc_column_text][vc_empty_space height=\u00bb22px\u00bb][\/qode_elements_holder_item][\/qode_elements_holder][\/vc_column_inner][\/vc_row_inner][\/vc_column][\/vc_row][vc_row css_animation=\u00bb\u00bb row_type=\u00bbrow\u00bb use_row_as_full_screen_section=\u00bbno\u00bb type=\u00bbfull_width\u00bb angled_section=\u00bbno\u00bb text_align=\u00bbleft\u00bb background_image_as_pattern=\u00bbwithout_pattern\u00bb el_class=\u00bbriga-prodotti-granulari-tre\u00bb z_index=\u00bb\u00bb][vc_column][vc_column_text]<\/p>\n<h2 style=\"text-align: center;\">Caracter\u00edsticas del producto<\/h2>\n<p>[\/vc_column_text][vc_empty_space height=\u00bb52px\u00bb][vc_row_inner row_type=\u00bbrow\u00bb type=\u00bbfull_width\u00bb text_align=\u00bbleft\u00bb css_animation=\u00bb\u00bb][vc_column_inner][qode_elements_holder number_of_columns=\u00bbtwo_columns\u00bb][qode_elements_holder_item vertical_alignment=\u00bbmiddle\u00bb advanced_animations=\u00bbno\u00bb custom_class=\u00bbcolonna-balance\u00bb]<div class=\"qode-specification-list\">\n\t\t<div class=\"qode-specification-list-text-holder\">\n\t\t<h3 class=\"qode-specification-list-title\">\n\t\t\tComposici\u00f3n\t\t<\/h3>\n\t\t<div class=\"qode-specification-list-items\">\n\t\t\t\t\t\t\t<div class=\"qode-specification-list-item\">\n\t\t\t\t\t<span class=\"qode-specification-list-item-label\">\n\t\t\t\t\t\tNitr\u00f3geno Total (N)\t\t\t\t\t<\/span>\n\t\t\t\t\t<span class=\"qode-specification-list-item-value\">\n\t\t\t\t\t\t28 % p\/p\t\t\t\t\t<\/span>\n\t\t\t\t<\/div>\n\t\t\t\t\t\t\t<div class=\"qode-specification-list-item\">\n\t\t\t\t\t<span class=\"qode-specification-list-item-label\">\n\t\t\t\t\t\tNitr\u00f3geno Ureico\t\t\t\t\t<\/span>\n\t\t\t\t\t<span class=\"qode-specification-list-item-value\">\n\t\t\t\t\t\t11,5 % p\/p\t\t\t\t\t<\/span>\n\t\t\t\t<\/div>\n\t\t\t\t\t\t\t<div class=\"qode-specification-list-item\">\n\t\t\t\t\t<span class=\"qode-specification-list-item-label\">\n\t\t\t\t\t\tNitr\u00f3geno de Metilenurea\t\t\t\t\t<\/span>\n\t\t\t\t\t<span class=\"qode-specification-list-item-value\">\n\t\t\t\t\t\t16,5 % p\/p\t\t\t\t\t<\/span>\n\t\t\t\t<\/div>\n\t\t\t\t\t\t\t<div class=\"qode-specification-list-item\">\n\t\t\t\t\t<span class=\"qode-specification-list-item-label\">\n\t\t\t\t\t\tDensidad a 20\u00b0C (Kg\/l)\t\t\t\t\t<\/span>\n\t\t\t\t\t<span class=\"qode-specification-list-item-value\">\n\t\t\t\t\t\t1,24 \u2013 1,26\t\t\t\t\t<\/span>\n\t\t\t\t<\/div>\n\t\t\t\t\t\t\t<div class=\"qode-specification-list-item\">\n\t\t\t\t\t<span class=\"qode-specification-list-item-label\">\n\t\t\t\t\t\tpH\t\t\t\t\t<\/span>\n\t\t\t\t\t<span class=\"qode-specification-list-item-value\">\n\t\t\t\t\t\t9,5 \u2013 10,5\t\t\t\t\t<\/span>\n\t\t\t\t<\/div>\n\t\t\t\t\t\t\t<div class=\"qode-specification-list-item\">\n\t\t\t\t\t<span class=\"qode-specification-list-item-label\">\n\t\t\t\t\t\tTemperatura de cristalizaci\u00f3n, \u00b0C\t\t\t\t\t<\/span>\n\t\t\t\t\t<span class=\"qode-specification-list-item-value\">\n\t\t\t\t\t\t&lt;0\t\t\t\t\t<\/span>\n\t\t\t\t<\/div>\n\t\t\t\t\t\t\t<div class=\"qode-specification-list-item\">\n\t\t\t\t\t<span class=\"qode-specification-list-item-label\">\n\t\t\t\t\t\tTemperatura de congelamiento, \u00b0C\t\t\t\t\t<\/span>\n\t\t\t\t\t<span class=\"qode-specification-list-item-value\">\n\t\t\t\t\t\t&lt;0\t\t\t\t\t<\/span>\n\t\t\t\t<\/div>\n\t\t\t\t\t\t\t<div class=\"qode-specification-list-item\">\n\t\t\t\t\t<span class=\"qode-specification-list-item-label\">\n\t\t\t\t\t\tElectroconductibilidad de la soluci\u00f3n al 1 \u2030 a 20 \u00b0C (mS\/cm)\t\t\t\t\t<\/span>\n\t\t\t\t\t<span class=\"qode-specification-list-item-value\">\n\t\t\t\t\t\t0,005 \u2013 0,01\t\t\t\t\t<\/span>\n\t\t\t\t<\/div>\n\t\t\t\t\t\t\t<div class=\"qode-specification-list-item\">\n\t\t\t\t\t<span class=\"qode-specification-list-item-label\">\n\t\t\t\t\t\tAspecto f\u00edsico\t\t\t\t\t<\/span>\n\t\t\t\t\t<span class=\"qode-specification-list-item-value\">\n\t\t\t\t\t\tSoluci\u00f3n clara, transparente\t\t\t\t\t<\/span>\n\t\t\t\t<\/div>\n\t\t\t\t\t<\/div>\n\t<\/div>\n\t<\/div>[vc_empty_space height=\u00bb22px\u00bb][\/qode_elements_holder_item][qode_elements_holder_item vertical_alignment=\u00bbmiddle\u00bb advanced_animations=\u00bbno\u00bb custom_class=\u00bbcolonna-longer\u00bb][vc_column_text]<\/p>\n<h3>Aplicaciones<\/h3>\n<p>[\/vc_column_text][vc_empty_space height=\u00bb22px\u00bb][vc_column_text]Como integraci\u00f3n en casos de carencias de nitr\u00f3geno u otros nutrientes, en cultivos de campo abierto, horticultura, fruticultura, plantas ornamentales y c\u00e9spedes.[\/vc_column_text][vc_empty_space height=\u00bb52px\u00bb][vc_column_text]<\/p>\n<h3>Percentuali<\/h3>\n<p>[\/vc_column_text][vc_empty_space height=\u00bb22px\u00bb]<div class='q_progress_bar'><h6 class='progress_title_holder clearfix' style=''><span class='progress_title'><span>N TOTAL \/ 28%<\/span><\/span><span class='progress_number' style='color: #ffffff;'><span>0<\/span>%<\/span><\/h6><div class='progress_content_outer' style='height: 10px;background-color: #cfd9c3;'><div data-percentage='84' class='progress_content' style='height: 10px;background-color: #6f9552;border: 1px solid #6f9552;'><\/div><\/div><\/div><div class='q_progress_bar'><h6 class='progress_title_holder clearfix' style=''><span class='progress_title'><span>UREA-N \/ 11,5%<\/span><\/span><span class='progress_number' style='color: #ffffff;'><span>0<\/span>%<\/span><\/h6><div class='progress_content_outer' style='height: 10px;background-color: #cfd9c3;'><div data-percentage='35' class='progress_content' style='height: 10px;background-color: #6f9552;border: 1px solid #6f9552;'><\/div><\/div><\/div><div class='q_progress_bar'><h6 class='progress_title_holder clearfix' style=''><span class='progress_title'><span>METILENUREA N \/ 16,5%<\/span><\/span><span class='progress_number' style='color: #ffffff;'><span>0<\/span>%<\/span><\/h6><div class='progress_content_outer' style='height: 10px;background-color: #cfd9c3;'><div data-percentage='48' class='progress_content' style='height: 10px;background-color: #6f9552;border: 1px solid #6f9552;'><\/div><\/div><\/div>[vc_empty_space height=\u00bb22px\u00bb][\/qode_elements_holder_item][\/qode_elements_holder][vc_column_text]<a id=\"ancora-npk\"><\/a>[\/vc_column_text][\/vc_column_inner][\/vc_row_inner][vc_row_inner row_type=\u00bbrow\u00bb type=\u00bbfull_width\u00bb text_align=\u00bbleft\u00bb css_animation=\u00bb\u00bb el_class=\u00bbriga-tab-npk\u00bb el_id=\u00bbliquidi_npk\u00bb][vc_column_inner][vc_empty_space height=\u00bb72px\u00bb][vc_column_text]<\/p>\n<h2 style=\"text-align: center;\">NPK<\/h2>\n<p>[\/vc_column_text][vc_empty_space height=\u00bb100px\u00bb][vc_column_text]<\/p>\n<h5 style=\"text-align: center;\">FERTILIZANTES L\u00cdQUIDOS NPK<\/h5>\n<p>[\/vc_column_text][vc_empty_space height=\u00bb22px\u00bb]<div class=\"qode-advanced-tabs qode-advanced-tabs qode-advanced-horizontal-tab clearfix qode-advanced-tab-without-icon qode-advanced-tabs-column-4 clearfix\">\n\t<ul class=\"qode-advanced-tabs-nav\">\n\t\t\t\t\t<li>\n\t\t\t\t<h6>\n\t\t\t\t\t<a href=\"#tab-20-4-8\">\n\t\t\t\t\t\t\n\t\t\t\t\t\t\t\t\t\t\t\t\t<span class=\"qode-advanced-tab-text-after-icon\">\n\t\t\t\t\t\t\t\t20.4.8\t\t\t\t\t\t\t<\/span>\n\t\t\t\t\t\t\t\t\t\t\t<\/a>\n\t\t\t\t<\/h6>\n\t\t\t<\/li>\n\t\t\t\t\t<li>\n\t\t\t\t<h6>\n\t\t\t\t\t<a href=\"#tab-12-6-12\">\n\t\t\t\t\t\t\n\t\t\t\t\t\t\t\t\t\t\t\t\t<span class=\"qode-advanced-tab-text-after-icon\">\n\t\t\t\t\t\t\t\t12.6.12\t\t\t\t\t\t\t<\/span>\n\t\t\t\t\t\t\t\t\t\t\t<\/a>\n\t\t\t\t<\/h6>\n\t\t\t<\/li>\n\t\t\t\t\t<li>\n\t\t\t\t<h6>\n\t\t\t\t\t<a href=\"#tab-15-0-15\">\n\t\t\t\t\t\t\n\t\t\t\t\t\t\t\t\t\t\t\t\t<span class=\"qode-advanced-tab-text-after-icon\">\n\t\t\t\t\t\t\t\t15.0.15\t\t\t\t\t\t\t<\/span>\n\t\t\t\t\t\t\t\t\t\t\t<\/a>\n\t\t\t\t<\/h6>\n\t\t\t<\/li>\n\t\t\t\t\t<li>\n\t\t\t\t<h6>\n\t\t\t\t\t<a href=\"#tab-10-0-20\">\n\t\t\t\t\t\t\n\t\t\t\t\t\t\t\t\t\t\t\t\t<span class=\"qode-advanced-tab-text-after-icon\">\n\t\t\t\t\t\t\t\t10.0.20\t\t\t\t\t\t\t<\/span>\n\t\t\t\t\t\t\t\t\t\t\t<\/a>\n\t\t\t\t<\/h6>\n\t\t\t<\/li>\n\t\t\t<\/ul>\n\t<div class=\"qode-advanced-tab-container\" id=\"tab-20-4-8-623\" data-icon-pack=\"\" data-icon-html=\"\">[vc_column_text]Fertilizante l\u00edquido NPK 20.4.8 con Zinc, Boro y Manganeso.[\/vc_column_text]<\/div><div class=\"qode-advanced-tab-container\" id=\"tab-12-6-12-449\" data-icon-pack=\"\" data-icon-html=\"\">[vc_column_text]Fertilizante l\u00edquido NPK 12.6.12 con Zinc, Boro y Manganeso.[\/vc_column_text]<\/div><div class=\"qode-advanced-tab-container\" id=\"tab-15-0-15-630\" data-icon-pack=\"\" data-icon-html=\"\">[vc_column_text]Fertilizante l\u00edquido NPK 15.0.15 con Zinc, Boro y Manganeso.[\/vc_column_text]<\/div><div class=\"qode-advanced-tab-container\" id=\"tab-10-0-20-590\" data-icon-pack=\"\" data-icon-html=\"\">[vc_column_text]Fertilizante l\u00edquido NPK 10.0.20 con Zinc, Boro y Manganeso.[\/vc_column_text]<\/div><\/div>[vc_empty_space height=\u00bb22px\u00bb][\/vc_column_inner][\/vc_row_inner][\/vc_column][\/vc_row]<\/p>\n<\/div>","protected":false},"excerpt":{"rendered":"<p>[vc_row css_animation=\u00bb\u00bb row_type=\u00bbrow\u00bb use_row_as_full_screen_section=\u00bbno\u00bb type=\u00bbfull_width\u00bb angled_section=\u00bbno\u00bb text_align=\u00bbleft\u00bb background_image_as_pattern=\u00bbwithout_pattern\u00bb el_class=\u00bbriga-prodotti-granulari-sazolene\u00bb z_index=\u00bb\u00bb][vc_column][vc_empty_space height=\u00bb150px\u00bb][vc_row_inner row_type=\u00bbrow\u00bb type=\u00bbgrid\u00bb text_align=\u00bbleft\u00bb css_animation=\u00bb\u00bb][vc_column_inner][qode_elements_holder number_of_columns=\u00bbone_column\u00bb alignment_one_column=\u00bbcenter\u00bb][qode_elements_holder_item advanced_animations=\u00bbno\u00bb custom_class=\u00bbcolonna-intro-granulari-sazolene\u00bb][vc_column_text] Productos L\u00edquidos [\/vc_column_text][vc_empty_space][vc_column_text] SAZOLENE SC &nbsp; NPK [\/vc_column_text][\/qode_elements_holder_item][\/qode_elements_holder][\/vc_column_inner][\/vc_row_inner][vc_empty_space height=\u00bb150px\u00bb][\/vc_column][\/vc_row][vc_row css_animation=\u00bb\u00bb row_type=\u00bbrow\u00bb use_row_as_full_screen_section=\u00bbno\u00bb type=\u00bbfull_width\u00bb angled_section=\u00bbno\u00bb text_align=\u00bbleft\u00bb background_image_as_pattern=\u00bbwithout_pattern\u00bb el_class=\u00bbriga-applicazioni-img-sinistra\u00bb z_index=\u00bb\u00bb el_id=\u00bbliquidi_sc\u00bb][vc_column][vc_row_inner row_type=\u00bbrow\u00bb type=\u00bbfull_width\u00bb text_align=\u00bbleft\u00bb css_animation=\u00bb\u00bb][vc_column_inner][qode_elements_holder number_of_columns=\u00bbtwo_columns\u00bb alignment_one_column=\u00bbcenter\u00bb][qode_elements_holder_item advanced_animations=\u00bbno\u00bb&#8230;<\/p>\n","protected":false},"author":1,"featured_media":0,"parent":0,"menu_order":0,"comment_status":"closed","ping_status":"closed","template":"full_width.php","meta":{"footnotes":""},"class_list":["post-4797","page","type-page","status-publish","hentry"],"yoast_head":"<!-- This site is optimized with the Yoast SEO plugin v26.2 - https:\/\/yoast.com\/wordpress\/plugins\/seo\/ -->\n<title>L\u00edquidos | Sazolene<\/title>\n<meta name=\"robots\" content=\"index, follow, max-snippet:-1, max-image-preview:large, max-video-preview:-1\" \/>\n<link rel=\"canonical\" href=\"https:\/\/www.sazolene.it\/es\/liquidos\/\" \/>\n<meta property=\"og:locale\" content=\"es_ES\" \/>\n<meta property=\"og:type\" content=\"article\" \/>\n<meta property=\"og:title\" content=\"L\u00edquidos | Sazolene\" \/>\n<meta property=\"og:description\" content=\"[vc_row css_animation=\u00bb\u00bb row_type=\u00bbrow\u00bb use_row_as_full_screen_section=\u00bbno\u00bb type=\u00bbfull_width\u00bb angled_section=\u00bbno\u00bb text_align=\u00bbleft\u00bb background_image_as_pattern=\u00bbwithout_pattern\u00bb el_class=\u00bbriga-prodotti-granulari-sazolene\u00bb z_index=\u00bb\u00bb][vc_column][vc_empty_space height=\u00bb150px\u00bb][vc_row_inner row_type=\u00bbrow\u00bb type=\u00bbgrid\u00bb text_align=\u00bbleft\u00bb css_animation=\u00bb\u00bb][vc_column_inner][qode_elements_holder number_of_columns=\u00bbone_column\u00bb alignment_one_column=\u00bbcenter\u00bb][qode_elements_holder_item advanced_animations=\u00bbno\u00bb custom_class=\u00bbcolonna-intro-granulari-sazolene\u00bb][vc_column_text] Productos L\u00edquidos [\/vc_column_text][vc_empty_space][vc_column_text] SAZOLENE SC &nbsp; NPK [\/vc_column_text][\/qode_elements_holder_item][\/qode_elements_holder][\/vc_column_inner][\/vc_row_inner][vc_empty_space height=\u00bb150px\u00bb][\/vc_column][\/vc_row][vc_row css_animation=\u00bb\u00bb row_type=\u00bbrow\u00bb use_row_as_full_screen_section=\u00bbno\u00bb type=\u00bbfull_width\u00bb angled_section=\u00bbno\u00bb text_align=\u00bbleft\u00bb background_image_as_pattern=\u00bbwithout_pattern\u00bb el_class=\u00bbriga-applicazioni-img-sinistra\u00bb z_index=\u00bb\u00bb el_id=\u00bbliquidi_sc\u00bb][vc_column][vc_row_inner row_type=\u00bbrow\u00bb type=\u00bbfull_width\u00bb text_align=\u00bbleft\u00bb css_animation=\u00bb\u00bb][vc_column_inner][qode_elements_holder number_of_columns=\u00bbtwo_columns\u00bb alignment_one_column=\u00bbcenter\u00bb][qode_elements_holder_item advanced_animations=\u00bbno\u00bb...\" \/>\n<meta property=\"og:url\" content=\"https:\/\/www.sazolene.it\/es\/liquidos\/\" \/>\n<meta property=\"og:site_name\" content=\"Sazolene\" \/>\n<meta property=\"article:modified_time\" content=\"2020-02-26T12:30:58+00:00\" \/>\n<meta name=\"twitter:label1\" content=\"Tiempo de lectura\" \/>\n\t<meta name=\"twitter:data1\" content=\"5 minutos\" \/>\n<script type=\"application\/ld+json\" class=\"yoast-schema-graph\">{\"@context\":\"https:\/\/schema.org\",\"@graph\":[{\"@type\":\"WebPage\",\"@id\":\"https:\/\/www.sazolene.it\/es\/liquidos\/\",\"url\":\"https:\/\/www.sazolene.it\/es\/liquidos\/\",\"name\":\"L\u00edquidos | Sazolene\",\"isPartOf\":{\"@id\":\"https:\/\/www.sazolene.it\/ja\/#website\"},\"datePublished\":\"2020-02-05T16:15:34+00:00\",\"dateModified\":\"2020-02-26T12:30:58+00:00\",\"breadcrumb\":{\"@id\":\"https:\/\/www.sazolene.it\/es\/liquidos\/#breadcrumb\"},\"inLanguage\":\"es\",\"potentialAction\":[{\"@type\":\"ReadAction\",\"target\":[\"https:\/\/www.sazolene.it\/es\/liquidos\/\"]}]},{\"@type\":\"BreadcrumbList\",\"@id\":\"https:\/\/www.sazolene.it\/es\/liquidos\/#breadcrumb\",\"itemListElement\":[{\"@type\":\"ListItem\",\"position\":1,\"name\":\"Home\",\"item\":\"https:\/\/www.sazolene.it\/es\/\"},{\"@type\":\"ListItem\",\"position\":2,\"name\":\"L\u00edquidos\"}]},{\"@type\":\"WebSite\",\"@id\":\"https:\/\/www.sazolene.it\/ja\/#website\",\"url\":\"https:\/\/www.sazolene.it\/ja\/\",\"name\":\"Sazolene\",\"description\":\"Fertilizzante azotato a lento rilascio\",\"publisher\":{\"@id\":\"https:\/\/www.sazolene.it\/ja\/#organization\"},\"potentialAction\":[{\"@type\":\"SearchAction\",\"target\":{\"@type\":\"EntryPoint\",\"urlTemplate\":\"https:\/\/www.sazolene.it\/ja\/?s={search_term_string}\"},\"query-input\":{\"@type\":\"PropertyValueSpecification\",\"valueRequired\":true,\"valueName\":\"search_term_string\"}}],\"inLanguage\":\"es\"},{\"@type\":\"Organization\",\"@id\":\"https:\/\/www.sazolene.it\/ja\/#organization\",\"name\":\"Sazolene\",\"url\":\"https:\/\/www.sazolene.it\/ja\/\",\"logo\":{\"@type\":\"ImageObject\",\"inLanguage\":\"es\",\"@id\":\"https:\/\/www.sazolene.it\/ja\/#\/schema\/logo\/image\/\",\"url\":\"https:\/\/www.sazolene.it\/wp-content\/uploads\/2020\/02\/logosazolene1.png\",\"contentUrl\":\"https:\/\/www.sazolene.it\/wp-content\/uploads\/2020\/02\/logosazolene1.png\",\"width\":209,\"height\":97,\"caption\":\"Sazolene\"},\"image\":{\"@id\":\"https:\/\/www.sazolene.it\/ja\/#\/schema\/logo\/image\/\"}}]}<\/script>\n<!-- \/ Yoast SEO plugin. -->","yoast_head_json":{"title":"L\u00edquidos | Sazolene","robots":{"index":"index","follow":"follow","max-snippet":"max-snippet:-1","max-image-preview":"max-image-preview:large","max-video-preview":"max-video-preview:-1"},"canonical":"https:\/\/www.sazolene.it\/es\/liquidos\/","og_locale":"es_ES","og_type":"article","og_title":"L\u00edquidos | Sazolene","og_description":"[vc_row css_animation=\u00bb\u00bb row_type=\u00bbrow\u00bb use_row_as_full_screen_section=\u00bbno\u00bb type=\u00bbfull_width\u00bb angled_section=\u00bbno\u00bb text_align=\u00bbleft\u00bb background_image_as_pattern=\u00bbwithout_pattern\u00bb el_class=\u00bbriga-prodotti-granulari-sazolene\u00bb z_index=\u00bb\u00bb][vc_column][vc_empty_space height=\u00bb150px\u00bb][vc_row_inner row_type=\u00bbrow\u00bb type=\u00bbgrid\u00bb text_align=\u00bbleft\u00bb css_animation=\u00bb\u00bb][vc_column_inner][qode_elements_holder number_of_columns=\u00bbone_column\u00bb alignment_one_column=\u00bbcenter\u00bb][qode_elements_holder_item advanced_animations=\u00bbno\u00bb custom_class=\u00bbcolonna-intro-granulari-sazolene\u00bb][vc_column_text] Productos L\u00edquidos [\/vc_column_text][vc_empty_space][vc_column_text] SAZOLENE SC &nbsp; NPK [\/vc_column_text][\/qode_elements_holder_item][\/qode_elements_holder][\/vc_column_inner][\/vc_row_inner][vc_empty_space height=\u00bb150px\u00bb][\/vc_column][\/vc_row][vc_row css_animation=\u00bb\u00bb row_type=\u00bbrow\u00bb use_row_as_full_screen_section=\u00bbno\u00bb type=\u00bbfull_width\u00bb angled_section=\u00bbno\u00bb text_align=\u00bbleft\u00bb background_image_as_pattern=\u00bbwithout_pattern\u00bb el_class=\u00bbriga-applicazioni-img-sinistra\u00bb z_index=\u00bb\u00bb el_id=\u00bbliquidi_sc\u00bb][vc_column][vc_row_inner row_type=\u00bbrow\u00bb type=\u00bbfull_width\u00bb text_align=\u00bbleft\u00bb css_animation=\u00bb\u00bb][vc_column_inner][qode_elements_holder number_of_columns=\u00bbtwo_columns\u00bb alignment_one_column=\u00bbcenter\u00bb][qode_elements_holder_item advanced_animations=\u00bbno\u00bb...","og_url":"https:\/\/www.sazolene.it\/es\/liquidos\/","og_site_name":"Sazolene","article_modified_time":"2020-02-26T12:30:58+00:00","twitter_misc":{"Tiempo de lectura":"5 minutos"},"schema":{"@context":"https:\/\/schema.org","@graph":[{"@type":"WebPage","@id":"https:\/\/www.sazolene.it\/es\/liquidos\/","url":"https:\/\/www.sazolene.it\/es\/liquidos\/","name":"L\u00edquidos | Sazolene","isPartOf":{"@id":"https:\/\/www.sazolene.it\/ja\/#website"},"datePublished":"2020-02-05T16:15:34+00:00","dateModified":"2020-02-26T12:30:58+00:00","breadcrumb":{"@id":"https:\/\/www.sazolene.it\/es\/liquidos\/#breadcrumb"},"inLanguage":"es","potentialAction":[{"@type":"ReadAction","target":["https:\/\/www.sazolene.it\/es\/liquidos\/"]}]},{"@type":"BreadcrumbList","@id":"https:\/\/www.sazolene.it\/es\/liquidos\/#breadcrumb","itemListElement":[{"@type":"ListItem","position":1,"name":"Home","item":"https:\/\/www.sazolene.it\/es\/"},{"@type":"ListItem","position":2,"name":"L\u00edquidos"}]},{"@type":"WebSite","@id":"https:\/\/www.sazolene.it\/ja\/#website","url":"https:\/\/www.sazolene.it\/ja\/","name":"Sazolene","description":"Fertilizzante azotato a lento rilascio","publisher":{"@id":"https:\/\/www.sazolene.it\/ja\/#organization"},"potentialAction":[{"@type":"SearchAction","target":{"@type":"EntryPoint","urlTemplate":"https:\/\/www.sazolene.it\/ja\/?s={search_term_string}"},"query-input":{"@type":"PropertyValueSpecification","valueRequired":true,"valueName":"search_term_string"}}],"inLanguage":"es"},{"@type":"Organization","@id":"https:\/\/www.sazolene.it\/ja\/#organization","name":"Sazolene","url":"https:\/\/www.sazolene.it\/ja\/","logo":{"@type":"ImageObject","inLanguage":"es","@id":"https:\/\/www.sazolene.it\/ja\/#\/schema\/logo\/image\/","url":"https:\/\/www.sazolene.it\/wp-content\/uploads\/2020\/02\/logosazolene1.png","contentUrl":"https:\/\/www.sazolene.it\/wp-content\/uploads\/2020\/02\/logosazolene1.png","width":209,"height":97,"caption":"Sazolene"},"image":{"@id":"https:\/\/www.sazolene.it\/ja\/#\/schema\/logo\/image\/"}}]}},"_links":{"self":[{"href":"https:\/\/www.sazolene.it\/es\/wp-json\/wp\/v2\/pages\/4797","targetHints":{"allow":["GET"]}}],"collection":[{"href":"https:\/\/www.sazolene.it\/es\/wp-json\/wp\/v2\/pages"}],"about":[{"href":"https:\/\/www.sazolene.it\/es\/wp-json\/wp\/v2\/types\/page"}],"author":[{"embeddable":true,"href":"https:\/\/www.sazolene.it\/es\/wp-json\/wp\/v2\/users\/1"}],"replies":[{"embeddable":true,"href":"https:\/\/www.sazolene.it\/es\/wp-json\/wp\/v2\/comments?post=4797"}],"version-history":[{"count":2,"href":"https:\/\/www.sazolene.it\/es\/wp-json\/wp\/v2\/pages\/4797\/revisions"}],"predecessor-version":[{"id":4799,"href":"https:\/\/www.sazolene.it\/es\/wp-json\/wp\/v2\/pages\/4797\/revisions\/4799"}],"wp:attachment":[{"href":"https:\/\/www.sazolene.it\/es\/wp-json\/wp\/v2\/media?parent=4797"}],"curies":[{"name":"wp","href":"https:\/\/api.w.org\/{rel}","templated":true}]}}