{"id":4090,"date":"2013-06-04T11:37:51","date_gmt":"2013-06-04T09:37:51","guid":{"rendered":"https:\/\/www.sazolene.it\/fr\/come-funziona\/"},"modified":"2020-02-26T10:30:30","modified_gmt":"2020-02-26T09:30:30","slug":"comment-lengrais-sazolene-fonctionne-t-il","status":"publish","type":"page","link":"https:\/\/www.sazolene.it\/fr\/comment-lengrais-sazolene-fonctionne-t-il\/","title":{"rendered":"Comment l&rsquo;engrais Sazolene\u00ae fonctionnne-t-il"},"content":{"rendered":"<div class=\"wpb-content-wrapper\"><p>[vc_row css_animation=\u00a0\u00bb\u00a0\u00bb row_type=\u00a0\u00bbrow\u00a0\u00bb use_row_as_full_screen_section=\u00a0\u00bbno\u00a0\u00bb type=\u00a0\u00bbfull_width\u00a0\u00bb angled_section=\u00a0\u00bbno\u00a0\u00bb text_align=\u00a0\u00bbleft\u00a0\u00bb background_image_as_pattern=\u00a0\u00bbwithout_pattern\u00a0\u00bb el_class=\u00a0\u00bbriga-applicazioni-img-destra\u00a0\u00bb z_index=\u00a0\u00bb\u00a0\u00bb][vc_column][vc_row_inner row_type=\u00a0\u00bbrow\u00a0\u00bb type=\u00a0\u00bbfull_width\u00a0\u00bb text_align=\u00a0\u00bbleft\u00a0\u00bb css_animation=\u00a0\u00bb\u00a0\u00bb][vc_column_inner][qode_elements_holder number_of_columns=\u00a0\u00bbtwo_columns\u00a0\u00bb alignment_one_column=\u00a0\u00bbcenter\u00a0\u00bb custom_class=\u00a0\u00bbinverti_mobile\u00a0\u00bb][qode_elements_holder_item advanced_animations=\u00a0\u00bbno\u00a0\u00bb custom_class=\u00a0\u00bbcolonna-sx-img-destra-sazolene inverti_mobile_txt\u00a0\u00bb][vc_column_text]<\/p>\n<h2>Comment l\u2019engrais Sazolene<sup>\u00ae<\/sup> fonctionne-t-il ?<\/h2>\n<p>[\/vc_column_text][vc_empty_space height=\u00a0\u00bb22px\u00a0\u00bb][vc_column_text]Le m\u00e9canisme de lib\u00e9ration de l\u2019azote, contrairement aux autres technologies d\u2019azote \u00e0 diffusion lente, advient au moyen d\u2019un processus de biodisponibilit\u00e9 due \u00e0 l\u2019action microbienne dans le sol (min\u00e9ralisation).<\/p>\n<p>&nbsp;<\/p>\n<p>Le Sazolene<sup>\u00ae<\/sup> est une source de carbone organique (\u00e9nergie vitale) et d\u2019azote (\u00e9l\u00e9ment nutritif) pour la population microbienne du sol. \u00c0 la diff\u00e9rence d\u2019autres technologies, Sazolene<sup>\u00ae<\/sup> n\u2019inhibe pas l\u2019activit\u00e9 microbienne du sol (responsable des processus naturels de min\u00e9ralisation) mais, au contraire, aide et am\u00e9liore le d\u00e9veloppement et la fertilit\u00e9 naturelle du sol puisqu\u2019il est une source de carbone organique et d\u2019azote.<\/p>\n<p>&nbsp;<\/p>\n<p>Contrairement aux produits qui exploitent la technologie de rev\u00eatement (coated fertilizer), la caract\u00e9ristique de la diffusion lente du Sazolene<sup>\u00ae<\/sup> n&rsquo;est pas affect\u00e9e en cas de rupture des granul\u00e9s ou de fissures dans le rev\u00eatement (coating) \u00e0 cause de la manipulation ou pendant l&rsquo;utilisation. La lib\u00e9ration progressive du Sazolene<sup>\u00ae<\/sup> est en effet garantie m\u00eame en cas de rupture des granul\u00e9s, ce qui \u00e9vite des pertes drastiques d&rsquo;azote. L&rsquo;utilisation de m\u00e9thyl\u00e8ne-ur\u00e9e permet donc de soutenir la population microbienne b\u00e9n\u00e9fique du sol, responsable des processus naturels de min\u00e9ralisation (d\u00e9composition des cha\u00eenes de polym\u00e8re en unit\u00e9s individuelles d&rsquo;ur\u00e9e).<\/p>\n<p>&nbsp;<\/p>\n<p>Les facteurs qui contr\u00f4lent la croissance des racines et le d\u00e9veloppement des plantes (principalement l\u2019humidit\u00e9 et la temp\u00e9rature) sont identiques \u00e0 ceux qui r\u00e8glent l\u2019activit\u00e9 des microorganismes : cela signifie que l\u2019azote du Sazolene<sup>\u00ae<\/sup> est rendu disponible lorsque les conditions pour le d\u00e9veloppement des racines et pour la croissance v\u00e9g\u00e9tale sont optimales (la lib\u00e9ration du Sazolene<sup>\u00ae<\/sup> est synchronis\u00e9e avec les besoins de la culture).<br \/>\nLe Sazolene<sup>\u00ae<\/sup> aide donc \u00e0 prot\u00e9ger les nappes aquif\u00e8res de la pollution issue des nitrates et maintient l\u2019azote disponible dans le sol explor\u00e9 par les racines. Ce m\u00e9canisme assure une croissance uniforme et soutenue de la plante, m\u00eame dans des conditions de haute temp\u00e9rature ou de fortes pluies, car la lib\u00e9ration de l\u2019azote ne d\u00e9pend pas directement que de la temp\u00e9rature ou des ph\u00e9nom\u00e8nes d\u2019hydrolyse \u00e9tant une source d\u2019azote lentement soluble dans l\u2019eau.[\/vc_column_text][vc_empty_space height=\u00a0\u00bb22px\u00a0\u00bb][\/qode_elements_holder_item][qode_elements_holder_item advanced_animations=\u00a0\u00bbno\u00a0\u00bb custom_class=\u00a0\u00bbcolonna-dx-img-destra-sazolene inverti_mobile_img\u00a0\u00bb][rev_slider_vc alias=\u00a0\u00bbsazolene-funzionamento\u00a0\u00bb][\/qode_elements_holder_item][\/qode_elements_holder][\/vc_column_inner][\/vc_row_inner][\/vc_column][\/vc_row][vc_row css_animation=\u00a0\u00bb\u00a0\u00bb row_type=\u00a0\u00bbrow\u00a0\u00bb use_row_as_full_screen_section=\u00a0\u00bbno\u00a0\u00bb type=\u00a0\u00bbfull_width\u00a0\u00bb angled_section=\u00a0\u00bbno\u00a0\u00bb text_align=\u00a0\u00bbleft\u00a0\u00bb background_image_as_pattern=\u00a0\u00bbwithout_pattern\u00a0\u00bb el_class=\u00a0\u00bbriga-applicazioni-img-sinistra\u00a0\u00bb z_index=\u00a0\u00bb\u00a0\u00bb][vc_column][vc_column_text]<a id=\"ancora-leather\"><\/a>[\/vc_column_text][vc_row_inner row_type=\u00a0\u00bbrow\u00a0\u00bb type=\u00a0\u00bbfull_width\u00a0\u00bb text_align=\u00a0\u00bbleft\u00a0\u00bb css_animation=\u00a0\u00bb\u00a0\u00bb][vc_column_inner][qode_elements_holder number_of_columns=\u00a0\u00bbtwo_columns\u00a0\u00bb alignment_one_column=\u00a0\u00bbcenter\u00a0\u00bb][qode_elements_holder_item advanced_animations=\u00a0\u00bbno\u00a0\u00bb custom_class=\u00a0\u00bbcolonna-sx-img-sinistra\u00a0\u00bb][vc_single_image image=\u00a0\u00bb4507&Prime; img_size=\u00a0\u00bbfull\u00a0\u00bb alignment=\u00a0\u00bbcenter\u00a0\u00bb qode_css_animation=\u00a0\u00bb\u00a0\u00bb][\/qode_elements_holder_item][qode_elements_holder_item advanced_animations=\u00a0\u00bbno\u00a0\u00bb custom_class=\u00a0\u00bbcolonna-dx-img-sinistra\u00a0\u00bb][vc_column_text]<\/p>\n<h2>Comment utiliser Sazolene<sup>\u00ae<\/sup> ?<\/h2>\n<p>[\/vc_column_text][vc_empty_space height=\u00a0\u00bb22px\u00a0\u00bb][vc_column_text]Sazolene<sup>\u00ae<\/sup> est principalement utilis\u00e9 comme mati\u00e8re premi\u00e8re pour la production d\u2019engrais \u00e0 diffusion lente azot\u00e9s (N), binaires (NP, NK) ou ternaires (NPK) afin de fournir une partie ou la totalit\u00e9 de l\u2019azote sous forme de diffusion lente (m\u00e9thyl\u00e8ne-ur\u00e9e).<br \/>\nGr\u00e2ce \u00e0 sa forme sph\u00e9rique et aux diff\u00e9rentes granulom\u00e9tries disponibles, il s\u2019agit d\u2019un composant id\u00e9al dans la production d\u2019engrais obtenus par m\u00e9lange. Sazolene<sup>\u00ae<\/sup> peut \u00e9galement \u00eatre utilis\u00e9 pour la production de granules d\u2019engrais ou d\u2019engrais compacts, en utilisant la granulom\u00e9trie chip (0,4 mm) ou les granulom\u00e9tries sup\u00e9rieures (2 ou 3,5 mm) si le processus de d\u00e9part pr\u00e9voit le broyage des mati\u00e8res premi\u00e8res utilis\u00e9es.<\/p>\n<p>&nbsp;<\/p>\n<p>M\u00e9langer Sazolene<sup>\u00ae<\/sup> \u00e0 d\u2019autres sources d\u2019azote qui se dissout rapidement peut d\u2019obtenir une grande efficience.<\/p>\n<p>&nbsp;<\/p>\n<p>Sazolene<sup>\u00ae<\/sup> peut \u00e9galement \u00eatre utilis\u00e9 directement pour apporter l\u2019azote n\u00e9cessaire aux cultures en une seule application ou pour int\u00e9grer les engrais avec des produits traditionnels \u00e0 effet rapide. M\u00e9langer de mani\u00e8re opportune Sazolene<sup>\u00ae<\/sup> avec d\u2019autres mati\u00e8res premi\u00e8res permet d\u2019obtenir une vaste gamme de formules NPK avec un contenu variable d\u2019azote \u00e0 diffusion lente.[\/vc_column_text][vc_empty_space height=\u00a0\u00bb22px\u00a0\u00bb][\/qode_elements_holder_item][\/qode_elements_holder][\/vc_column_inner][\/vc_row_inner][\/vc_column][\/vc_row][vc_row css_animation=\u00a0\u00bb\u00a0\u00bb row_type=\u00a0\u00bbrow\u00a0\u00bb use_row_as_full_screen_section=\u00a0\u00bbno\u00a0\u00bb type=\u00a0\u00bbfull_width\u00a0\u00bb angled_section=\u00a0\u00bbno\u00a0\u00bb text_align=\u00a0\u00bbleft\u00a0\u00bb background_image_as_pattern=\u00a0\u00bbwithout_pattern\u00a0\u00bb el_class=\u00a0\u00bbriga-applicazioni-prodotti-sazolene\u00a0\u00bb z_index=\u00a0\u00bb\u00a0\u00bb][vc_column][qode_elements_holder number_of_columns=\u00a0\u00bbtwo_columns\u00a0\u00bb][qode_elements_holder_item vertical_alignment=\u00a0\u00bbtop\u00a0\u00bb advanced_animations=\u00a0\u00bbno\u00a0\u00bb custom_class=\u00a0\u00bbvantaggi-applicazioni-sazolene\u00a0\u00bb][vc_column_text]<\/p>\n<h2 class=\"testo-centrato-mobile\">Pour quelles applications utiliser Sazolene<sup>\u00ae<\/sup> ?<\/h2>\n<p>[\/vc_column_text][vc_empty_space height=\u00a0\u00bb22px\u00a0\u00bb][vc_column_text]<\/p>\n<p class=\"testo-centrato-mobile\">Les produits de la gamme Sazolene<sup>\u00ae<\/sup> poss\u00e8dent des caract\u00e9ristiques de lib\u00e9ration de l\u2019azote tellement uniformes et s\u00fbres qu\u2019elles sont optimales pour de nombreuses applications. Sazolene<sup>\u00ae<\/sup> peut en effet \u00eatre utilis\u00e9 tant pour les cultures agricoles de plein champ, en horticulture et arboriculture fruiti\u00e8re (cultures vivri\u00e8res) que pour les pelouses, l\u2019am\u00e9nagement paysager, la culture de fleurs en p\u00e9pini\u00e8re et les plantes ornementales (cultures non-alimentaires) et dans tous les cas de nouvelles installations. Les produits \u00e0 base de Sazolene<sup>\u00ae<\/sup> facilitent une lib\u00e9ration progressive de l\u2019azote en harmonie avec la demande naturelle d\u2019azote de la part des plantes.<\/p>\n<p>[\/vc_column_text][vc_empty_space height=\u00a0\u00bb22px\u00a0\u00bb][\/qode_elements_holder_item][qode_elements_holder_item vertical_alignment=\u00a0\u00bbtop\u00a0\u00bb advanced_animations=\u00a0\u00bbno\u00a0\u00bb custom_class=\u00a0\u00bbapplicazioni-prodotti-sazolene\u00a0\u00bb][vc_empty_space height=\u00a0\u00bb22px\u00a0\u00bb][vc_column_text]<\/p>\n<h2 class=\"testo-centrato-mobile\">Avantages<\/h2>\n<p>[\/vc_column_text][vc_empty_space height=\u00a0\u00bb22px\u00a0\u00bb][vc_column_text]<\/p>\n<ul style=\"list-style-position: outside;\">\n<li>R\u00e9duit les pertes d\u2019azote disponibles pour les plantes<\/li>\n<li>\u00c9limine la pollution issue des nitrates dans les nappes aquif\u00e8res<\/li>\n<li>Am\u00e9liore la fertilit\u00e9 naturelle du sol<\/li>\n<li>\u00c9limine les effets de phytotoxicit\u00e9 et les br\u00fblures des feuilles<\/li>\n<li>Favorise un d\u00e9veloppement sup\u00e9rieur des racines<\/li>\n<li>Indice d\u2019uniformit\u00e9 (U.I.) maximum<\/li>\n<li>Lib\u00e9ration de l\u2019azote de 12 semaines \u00e0 10 mois<\/li>\n<li>Produit fluide avec une faible tendance \u00e0 l\u2019entassement<\/li>\n<li>R\u00e9duction du nombre d\u2019applications<\/li>\n<\/ul>\n<p>[\/vc_column_text][vc_empty_space height=\u00a0\u00bb52px\u00a0\u00bb][\/qode_elements_holder_item][\/qode_elements_holder][\/vc_column][\/vc_row]<\/p>\n<\/div>","protected":false},"excerpt":{"rendered":"<p>[vc_row css_animation=\u00a0\u00bb\u00a0\u00bb row_type=\u00a0\u00bbrow\u00a0\u00bb use_row_as_full_screen_section=\u00a0\u00bbno\u00a0\u00bb type=\u00a0\u00bbfull_width\u00a0\u00bb angled_section=\u00a0\u00bbno\u00a0\u00bb text_align=\u00a0\u00bbleft\u00a0\u00bb background_image_as_pattern=\u00a0\u00bbwithout_pattern\u00a0\u00bb el_class=\u00a0\u00bbriga-applicazioni-img-destra\u00a0\u00bb z_index=\u00a0\u00bb\u00a0\u00bb][vc_column][vc_row_inner row_type=\u00a0\u00bbrow\u00a0\u00bb type=\u00a0\u00bbfull_width\u00a0\u00bb text_align=\u00a0\u00bbleft\u00a0\u00bb css_animation=\u00a0\u00bb\u00a0\u00bb][vc_column_inner][qode_elements_holder number_of_columns=\u00a0\u00bbtwo_columns\u00a0\u00bb alignment_one_column=\u00a0\u00bbcenter\u00a0\u00bb custom_class=\u00a0\u00bbinverti_mobile\u00a0\u00bb][qode_elements_holder_item advanced_animations=\u00a0\u00bbno\u00a0\u00bb custom_class=\u00a0\u00bbcolonna-sx-img-destra-sazolene inverti_mobile_txt\u00a0\u00bb][vc_column_text] Comment l\u2019engrais Sazolene\u00ae fonctionne-t-il ? [\/vc_column_text][vc_empty_space height=\u00a0\u00bb22px\u00a0\u00bb][vc_column_text]Le m\u00e9canisme de lib\u00e9ration de l\u2019azote, contrairement aux autres technologies d\u2019azote \u00e0 diffusion lente, advient au moyen d\u2019un processus&#8230;<\/p>\n","protected":false},"author":1,"featured_media":0,"parent":0,"menu_order":0,"comment_status":"closed","ping_status":"closed","template":"full_width.php","meta":{"footnotes":""},"class_list":["post-4090","page","type-page","status-publish","hentry"],"yoast_head":"<!-- This site is optimized with the Yoast SEO plugin v26.2 - https:\/\/yoast.com\/wordpress\/plugins\/seo\/ -->\n<title>Comment l&#039;engrais Sazolene\u00ae fonctionnne-t-il | Sazolene<\/title>\n<meta name=\"robots\" content=\"index, follow, max-snippet:-1, max-image-preview:large, max-video-preview:-1\" \/>\n<link rel=\"canonical\" href=\"https:\/\/www.sazolene.it\/fr\/comment-lengrais-sazolene-fonctionne-t-il\/\" \/>\n<meta property=\"og:locale\" content=\"fr_FR\" \/>\n<meta property=\"og:type\" content=\"article\" \/>\n<meta property=\"og:title\" content=\"Comment l&#039;engrais Sazolene\u00ae fonctionnne-t-il | Sazolene\" \/>\n<meta property=\"og:description\" content=\"[vc_row css_animation=\u00a0\u00bb\u00a0\u00bb row_type=\u00a0\u00bbrow\u00a0\u00bb use_row_as_full_screen_section=\u00a0\u00bbno\u00a0\u00bb type=\u00a0\u00bbfull_width\u00a0\u00bb angled_section=\u00a0\u00bbno\u00a0\u00bb text_align=\u00a0\u00bbleft\u00a0\u00bb background_image_as_pattern=\u00a0\u00bbwithout_pattern\u00a0\u00bb el_class=\u00a0\u00bbriga-applicazioni-img-destra\u00a0\u00bb z_index=\u00a0\u00bb\u00a0\u00bb][vc_column][vc_row_inner row_type=\u00a0\u00bbrow\u00a0\u00bb type=\u00a0\u00bbfull_width\u00a0\u00bb text_align=\u00a0\u00bbleft\u00a0\u00bb css_animation=\u00a0\u00bb\u00a0\u00bb][vc_column_inner][qode_elements_holder number_of_columns=\u00a0\u00bbtwo_columns\u00a0\u00bb alignment_one_column=\u00a0\u00bbcenter\u00a0\u00bb custom_class=\u00a0\u00bbinverti_mobile\u00a0\u00bb][qode_elements_holder_item advanced_animations=\u00a0\u00bbno\u00a0\u00bb custom_class=\u00a0\u00bbcolonna-sx-img-destra-sazolene inverti_mobile_txt\u00a0\u00bb][vc_column_text] Comment l\u2019engrais Sazolene\u00ae fonctionne-t-il ? [\/vc_column_text][vc_empty_space height=\u00a0\u00bb22px\u00a0\u00bb][vc_column_text]Le m\u00e9canisme de lib\u00e9ration de l\u2019azote, contrairement aux autres technologies d\u2019azote \u00e0 diffusion lente, advient au moyen d\u2019un processus...\" \/>\n<meta property=\"og:url\" content=\"https:\/\/www.sazolene.it\/fr\/comment-lengrais-sazolene-fonctionne-t-il\/\" \/>\n<meta property=\"og:site_name\" content=\"Sazolene\" \/>\n<meta property=\"article:modified_time\" content=\"2020-02-26T09:30:30+00:00\" \/>\n<meta name=\"twitter:label1\" content=\"Dur\u00e9e de lecture estim\u00e9e\" \/>\n\t<meta name=\"twitter:data1\" content=\"6 minutes\" \/>\n<script type=\"application\/ld+json\" class=\"yoast-schema-graph\">{\"@context\":\"https:\/\/schema.org\",\"@graph\":[{\"@type\":\"WebPage\",\"@id\":\"https:\/\/www.sazolene.it\/fr\/comment-lengrais-sazolene-fonctionne-t-il\/\",\"url\":\"https:\/\/www.sazolene.it\/fr\/comment-lengrais-sazolene-fonctionne-t-il\/\",\"name\":\"Comment l'engrais Sazolene\u00ae fonctionnne-t-il | Sazolene\",\"isPartOf\":{\"@id\":\"https:\/\/www.sazolene.it\/ja\/#website\"},\"datePublished\":\"2013-06-04T09:37:51+00:00\",\"dateModified\":\"2020-02-26T09:30:30+00:00\",\"breadcrumb\":{\"@id\":\"https:\/\/www.sazolene.it\/fr\/comment-lengrais-sazolene-fonctionne-t-il\/#breadcrumb\"},\"inLanguage\":\"fr-FR\",\"potentialAction\":[{\"@type\":\"ReadAction\",\"target\":[\"https:\/\/www.sazolene.it\/fr\/comment-lengrais-sazolene-fonctionne-t-il\/\"]}]},{\"@type\":\"BreadcrumbList\",\"@id\":\"https:\/\/www.sazolene.it\/fr\/comment-lengrais-sazolene-fonctionne-t-il\/#breadcrumb\",\"itemListElement\":[{\"@type\":\"ListItem\",\"position\":1,\"name\":\"Home\",\"item\":\"https:\/\/www.sazolene.it\/fr\/\"},{\"@type\":\"ListItem\",\"position\":2,\"name\":\"Comment l&rsquo;engrais Sazolene\u00ae fonctionnne-t-il\"}]},{\"@type\":\"WebSite\",\"@id\":\"https:\/\/www.sazolene.it\/ja\/#website\",\"url\":\"https:\/\/www.sazolene.it\/ja\/\",\"name\":\"Sazolene\",\"description\":\"Fertilizzante azotato a lento rilascio\",\"publisher\":{\"@id\":\"https:\/\/www.sazolene.it\/ja\/#organization\"},\"potentialAction\":[{\"@type\":\"SearchAction\",\"target\":{\"@type\":\"EntryPoint\",\"urlTemplate\":\"https:\/\/www.sazolene.it\/ja\/?s={search_term_string}\"},\"query-input\":{\"@type\":\"PropertyValueSpecification\",\"valueRequired\":true,\"valueName\":\"search_term_string\"}}],\"inLanguage\":\"fr-FR\"},{\"@type\":\"Organization\",\"@id\":\"https:\/\/www.sazolene.it\/ja\/#organization\",\"name\":\"Sazolene\",\"url\":\"https:\/\/www.sazolene.it\/ja\/\",\"logo\":{\"@type\":\"ImageObject\",\"inLanguage\":\"fr-FR\",\"@id\":\"https:\/\/www.sazolene.it\/ja\/#\/schema\/logo\/image\/\",\"url\":\"https:\/\/www.sazolene.it\/wp-content\/uploads\/2020\/02\/logosazolene1.png\",\"contentUrl\":\"https:\/\/www.sazolene.it\/wp-content\/uploads\/2020\/02\/logosazolene1.png\",\"width\":209,\"height\":97,\"caption\":\"Sazolene\"},\"image\":{\"@id\":\"https:\/\/www.sazolene.it\/ja\/#\/schema\/logo\/image\/\"}}]}<\/script>\n<!-- \/ Yoast SEO plugin. -->","yoast_head_json":{"title":"Comment l'engrais Sazolene\u00ae fonctionnne-t-il | Sazolene","robots":{"index":"index","follow":"follow","max-snippet":"max-snippet:-1","max-image-preview":"max-image-preview:large","max-video-preview":"max-video-preview:-1"},"canonical":"https:\/\/www.sazolene.it\/fr\/comment-lengrais-sazolene-fonctionne-t-il\/","og_locale":"fr_FR","og_type":"article","og_title":"Comment l'engrais Sazolene\u00ae fonctionnne-t-il | Sazolene","og_description":"[vc_row css_animation=\u00a0\u00bb\u00a0\u00bb row_type=\u00a0\u00bbrow\u00a0\u00bb use_row_as_full_screen_section=\u00a0\u00bbno\u00a0\u00bb type=\u00a0\u00bbfull_width\u00a0\u00bb angled_section=\u00a0\u00bbno\u00a0\u00bb text_align=\u00a0\u00bbleft\u00a0\u00bb background_image_as_pattern=\u00a0\u00bbwithout_pattern\u00a0\u00bb el_class=\u00a0\u00bbriga-applicazioni-img-destra\u00a0\u00bb z_index=\u00a0\u00bb\u00a0\u00bb][vc_column][vc_row_inner row_type=\u00a0\u00bbrow\u00a0\u00bb type=\u00a0\u00bbfull_width\u00a0\u00bb text_align=\u00a0\u00bbleft\u00a0\u00bb css_animation=\u00a0\u00bb\u00a0\u00bb][vc_column_inner][qode_elements_holder number_of_columns=\u00a0\u00bbtwo_columns\u00a0\u00bb alignment_one_column=\u00a0\u00bbcenter\u00a0\u00bb custom_class=\u00a0\u00bbinverti_mobile\u00a0\u00bb][qode_elements_holder_item advanced_animations=\u00a0\u00bbno\u00a0\u00bb custom_class=\u00a0\u00bbcolonna-sx-img-destra-sazolene inverti_mobile_txt\u00a0\u00bb][vc_column_text] Comment l\u2019engrais Sazolene\u00ae fonctionne-t-il ? [\/vc_column_text][vc_empty_space height=\u00a0\u00bb22px\u00a0\u00bb][vc_column_text]Le m\u00e9canisme de lib\u00e9ration de l\u2019azote, contrairement aux autres technologies d\u2019azote \u00e0 diffusion lente, advient au moyen d\u2019un processus...","og_url":"https:\/\/www.sazolene.it\/fr\/comment-lengrais-sazolene-fonctionne-t-il\/","og_site_name":"Sazolene","article_modified_time":"2020-02-26T09:30:30+00:00","twitter_misc":{"Dur\u00e9e de lecture estim\u00e9e":"6 minutes"},"schema":{"@context":"https:\/\/schema.org","@graph":[{"@type":"WebPage","@id":"https:\/\/www.sazolene.it\/fr\/comment-lengrais-sazolene-fonctionne-t-il\/","url":"https:\/\/www.sazolene.it\/fr\/comment-lengrais-sazolene-fonctionne-t-il\/","name":"Comment l'engrais Sazolene\u00ae fonctionnne-t-il | Sazolene","isPartOf":{"@id":"https:\/\/www.sazolene.it\/ja\/#website"},"datePublished":"2013-06-04T09:37:51+00:00","dateModified":"2020-02-26T09:30:30+00:00","breadcrumb":{"@id":"https:\/\/www.sazolene.it\/fr\/comment-lengrais-sazolene-fonctionne-t-il\/#breadcrumb"},"inLanguage":"fr-FR","potentialAction":[{"@type":"ReadAction","target":["https:\/\/www.sazolene.it\/fr\/comment-lengrais-sazolene-fonctionne-t-il\/"]}]},{"@type":"BreadcrumbList","@id":"https:\/\/www.sazolene.it\/fr\/comment-lengrais-sazolene-fonctionne-t-il\/#breadcrumb","itemListElement":[{"@type":"ListItem","position":1,"name":"Home","item":"https:\/\/www.sazolene.it\/fr\/"},{"@type":"ListItem","position":2,"name":"Comment l&rsquo;engrais Sazolene\u00ae fonctionnne-t-il"}]},{"@type":"WebSite","@id":"https:\/\/www.sazolene.it\/ja\/#website","url":"https:\/\/www.sazolene.it\/ja\/","name":"Sazolene","description":"Fertilizzante azotato a lento rilascio","publisher":{"@id":"https:\/\/www.sazolene.it\/ja\/#organization"},"potentialAction":[{"@type":"SearchAction","target":{"@type":"EntryPoint","urlTemplate":"https:\/\/www.sazolene.it\/ja\/?s={search_term_string}"},"query-input":{"@type":"PropertyValueSpecification","valueRequired":true,"valueName":"search_term_string"}}],"inLanguage":"fr-FR"},{"@type":"Organization","@id":"https:\/\/www.sazolene.it\/ja\/#organization","name":"Sazolene","url":"https:\/\/www.sazolene.it\/ja\/","logo":{"@type":"ImageObject","inLanguage":"fr-FR","@id":"https:\/\/www.sazolene.it\/ja\/#\/schema\/logo\/image\/","url":"https:\/\/www.sazolene.it\/wp-content\/uploads\/2020\/02\/logosazolene1.png","contentUrl":"https:\/\/www.sazolene.it\/wp-content\/uploads\/2020\/02\/logosazolene1.png","width":209,"height":97,"caption":"Sazolene"},"image":{"@id":"https:\/\/www.sazolene.it\/ja\/#\/schema\/logo\/image\/"}}]}},"_links":{"self":[{"href":"https:\/\/www.sazolene.it\/fr\/wp-json\/wp\/v2\/pages\/4090","targetHints":{"allow":["GET"]}}],"collection":[{"href":"https:\/\/www.sazolene.it\/fr\/wp-json\/wp\/v2\/pages"}],"about":[{"href":"https:\/\/www.sazolene.it\/fr\/wp-json\/wp\/v2\/types\/page"}],"author":[{"embeddable":true,"href":"https:\/\/www.sazolene.it\/fr\/wp-json\/wp\/v2\/users\/1"}],"replies":[{"embeddable":true,"href":"https:\/\/www.sazolene.it\/fr\/wp-json\/wp\/v2\/comments?post=4090"}],"version-history":[{"count":4,"href":"https:\/\/www.sazolene.it\/fr\/wp-json\/wp\/v2\/pages\/4090\/revisions"}],"predecessor-version":[{"id":4733,"href":"https:\/\/www.sazolene.it\/fr\/wp-json\/wp\/v2\/pages\/4090\/revisions\/4733"}],"wp:attachment":[{"href":"https:\/\/www.sazolene.it\/fr\/wp-json\/wp\/v2\/media?parent=4090"}],"curies":[{"name":"wp","href":"https:\/\/api.w.org\/{rel}","templated":true}]}}