{"id":4849,"date":"2020-02-05T17:15:34","date_gmt":"2020-02-05T16:15:34","guid":{"rendered":"https:\/\/www.sazolene.it\/liquidi\/"},"modified":"2020-03-19T10:23:41","modified_gmt":"2020-03-19T09:23:41","slug":"liquidos","status":"publish","type":"page","link":"https:\/\/www.sazolene.it\/pt-br\/liquidos\/","title":{"rendered":"L\u00edquidos"},"content":{"rendered":"<div class=\"wpb-content-wrapper\"><p>[vc_row css_animation=&#8221;&#8221; row_type=&#8221;row&#8221; use_row_as_full_screen_section=&#8221;no&#8221; type=&#8221;full_width&#8221; angled_section=&#8221;no&#8221; text_align=&#8221;left&#8221; background_image_as_pattern=&#8221;without_pattern&#8221; el_class=&#8221;riga-prodotti-granulari-sazolene&#8221; z_index=&#8221;&#8221;][vc_column][vc_empty_space height=&#8221;150px&#8221;][vc_row_inner row_type=&#8221;row&#8221; type=&#8221;grid&#8221; text_align=&#8221;left&#8221; css_animation=&#8221;&#8221;][vc_column_inner][qode_elements_holder number_of_columns=&#8221;one_column&#8221; alignment_one_column=&#8221;center&#8221;][qode_elements_holder_item advanced_animations=&#8221;no&#8221; custom_class=&#8221;colonna-intro-granulari-sazolene&#8221;][vc_column_text]<\/p>\n<h1><span style=\"color: #ffffff;\">Produtos Liqu\u00eddos<\/span><\/h1>\n<p>[\/vc_column_text][vc_empty_space][vc_column_text]<\/p>\n<h3><span style=\"color: #ffffff;\">SAZOLENE SC<\/span><\/h3>\n<p>&nbsp;<\/p>\n<h3><span style=\"color: #ffffff;\">NPK<\/span><\/h3>\n<p>[\/vc_column_text][\/qode_elements_holder_item][\/qode_elements_holder][\/vc_column_inner][\/vc_row_inner][vc_empty_space height=&#8221;150px&#8221;][\/vc_column][\/vc_row][vc_row css_animation=&#8221;&#8221; row_type=&#8221;row&#8221; use_row_as_full_screen_section=&#8221;no&#8221; type=&#8221;full_width&#8221; angled_section=&#8221;no&#8221; text_align=&#8221;left&#8221; background_image_as_pattern=&#8221;without_pattern&#8221; el_class=&#8221;riga-applicazioni-img-sinistra&#8221; z_index=&#8221;&#8221; el_id=&#8221;liquidi_sc&#8221;][vc_column][vc_row_inner row_type=&#8221;row&#8221; type=&#8221;full_width&#8221; text_align=&#8221;left&#8221; css_animation=&#8221;&#8221;][vc_column_inner][qode_elements_holder number_of_columns=&#8221;two_columns&#8221; alignment_one_column=&#8221;center&#8221;][qode_elements_holder_item advanced_animations=&#8221;no&#8221; custom_class=&#8221;colonna-sx-img-sinistra&#8221;][vc_single_image image=&#8221;4529&#8243; img_size=&#8221;full&#8221; alignment=&#8221;center&#8221; qode_css_animation=&#8221;&#8221;][\/qode_elements_holder_item][qode_elements_holder_item advanced_animations=&#8221;no&#8221; custom_class=&#8221;colonna-dx-img-sinistra&#8221;][vc_column_text]<\/p>\n<h2>Sazolene SC<\/h2>\n<p>[\/vc_column_text][vc_empty_space height=&#8221;22px&#8221;][vc_column_text]Sazolene<sup>\u00ae<\/sup> SC \u00e9 uma solu\u00e7\u00e3o de adubo azotado l\u00edquido que cont\u00e9m cerca 60% de azoto sob a forma de metileno-ureia.<br \/>\nSazolene<sup>\u00ae<\/sup> melhora a absor\u00e7\u00e3o de azoto, a transloca\u00e7\u00e3o e mobiliza\u00e7\u00e3o e \u00e9 especialmente indicado para culturas agr\u00edcolas de campo aberto, hort\u00edcolas, frut\u00edferas e frutos de casca.<br \/>\nA aplica\u00e7\u00e3o \u00e9 muito segura para as culturas gra\u00e7as ao teor muito baixo de salinidade. Pode ser utilizado para aplica\u00e7\u00f5es foliares em todas as culturas para estimular o crescimento e qualidade ou para corrigir eventuais car\u00eancias de azoto. Pode ser aplicado em solo localizado em banda ou em fertirriga\u00e7\u00e3o. Sazolene<sup>\u00ae<\/sup> SC cont\u00e9m 350 g de azoto por litro e pode ser empregado em solu\u00e7\u00f5es concentradas ou dilu\u00eddas tanto para aplica\u00e7\u00f5es no solo quanto por via foliar. Aplicar com volume suficiente de \u00e1gua para obter cobertura adequada da superf\u00edcie a tratar e evitar aplica\u00e7\u00f5es com temperaturas superiores a 30\u00b0C para casos inferiores a 30%.<\/p>\n<p>&nbsp;<\/p>\n<p>Sazolene<sup>\u00ae<\/sup> SC \u00e9 compat\u00edvel com a maior parte dos adubos \u00e0 base de f\u00f3sforo e pot\u00e1ssio, microelementos e a maior parte dos f\u00e1rmacos agr\u00edcolas.[\/vc_column_text][vc_empty_space height=&#8221;22px&#8221;][\/qode_elements_holder_item][\/qode_elements_holder][\/vc_column_inner][\/vc_row_inner][\/vc_column][\/vc_row][vc_row css_animation=&#8221;&#8221; row_type=&#8221;row&#8221; use_row_as_full_screen_section=&#8221;no&#8221; type=&#8221;full_width&#8221; angled_section=&#8221;no&#8221; text_align=&#8221;left&#8221; background_image_as_pattern=&#8221;without_pattern&#8221; el_class=&#8221;riga-prodotti-granulari-tre&#8221; z_index=&#8221;&#8221;][vc_column][vc_column_text]<\/p>\n<h2 style=\"text-align: center;\">Caratteristiche del prodotto<\/h2>\n<p>[\/vc_column_text][vc_empty_space height=&#8221;52px&#8221;][vc_row_inner row_type=&#8221;row&#8221; type=&#8221;full_width&#8221; text_align=&#8221;left&#8221; css_animation=&#8221;&#8221;][vc_column_inner][qode_elements_holder number_of_columns=&#8221;two_columns&#8221;][qode_elements_holder_item vertical_alignment=&#8221;middle&#8221; advanced_animations=&#8221;no&#8221; custom_class=&#8221;colonna-balance&#8221;]<div class=\"qode-specification-list\">\n\t\t<div class=\"qode-specification-list-text-holder\">\n\t\t<h3 class=\"qode-specification-list-title\">\n\t\t\tComposi\u00e7\u00e3o\t\t<\/h3>\n\t\t<div class=\"qode-specification-list-items\">\n\t\t\t\t\t\t\t<div class=\"qode-specification-list-item\">\n\t\t\t\t\t<span class=\"qode-specification-list-item-label\">\n\t\t\t\t\t\tAzoto Total (N)\t\t\t\t\t<\/span>\n\t\t\t\t\t<span class=\"qode-specification-list-item-value\">\n\t\t\t\t\t\t28 % p\/p\t\t\t\t\t<\/span>\n\t\t\t\t<\/div>\n\t\t\t\t\t\t\t<div class=\"qode-specification-list-item\">\n\t\t\t\t\t<span class=\"qode-specification-list-item-label\">\n\t\t\t\t\t\tAzoto Ureico\t\t\t\t\t<\/span>\n\t\t\t\t\t<span class=\"qode-specification-list-item-value\">\n\t\t\t\t\t\t11,5 % p\/p\t\t\t\t\t<\/span>\n\t\t\t\t<\/div>\n\t\t\t\t\t\t\t<div class=\"qode-specification-list-item\">\n\t\t\t\t\t<span class=\"qode-specification-list-item-label\">\n\t\t\t\t\t\tAzoto de Metileno-ureia\t\t\t\t\t<\/span>\n\t\t\t\t\t<span class=\"qode-specification-list-item-value\">\n\t\t\t\t\t\t16,5 % p\/p\t\t\t\t\t<\/span>\n\t\t\t\t<\/div>\n\t\t\t\t\t\t\t<div class=\"qode-specification-list-item\">\n\t\t\t\t\t<span class=\"qode-specification-list-item-label\">\n\t\t\t\t\t\tDensidade a 20\u00b0C (Kg\/Lt.)\t\t\t\t\t<\/span>\n\t\t\t\t\t<span class=\"qode-specification-list-item-value\">\n\t\t\t\t\t\t1,24 \u2013 1,26\t\t\t\t\t<\/span>\n\t\t\t\t<\/div>\n\t\t\t\t\t\t\t<div class=\"qode-specification-list-item\">\n\t\t\t\t\t<span class=\"qode-specification-list-item-label\">\n\t\t\t\t\t\tpH\t\t\t\t\t<\/span>\n\t\t\t\t\t<span class=\"qode-specification-list-item-value\">\n\t\t\t\t\t\t9,5 \u2013 10,5\t\t\t\t\t<\/span>\n\t\t\t\t<\/div>\n\t\t\t\t\t\t\t<div class=\"qode-specification-list-item\">\n\t\t\t\t\t<span class=\"qode-specification-list-item-label\">\n\t\t\t\t\t\tTemperatura de cristaliza\u00e7\u00e3o, \u00b0C\t\t\t\t\t<\/span>\n\t\t\t\t\t<span class=\"qode-specification-list-item-value\">\n\t\t\t\t\t\t&lt;0\t\t\t\t\t<\/span>\n\t\t\t\t<\/div>\n\t\t\t\t\t\t\t<div class=\"qode-specification-list-item\">\n\t\t\t\t\t<span class=\"qode-specification-list-item-label\">\n\t\t\t\t\t\tTemperatura de congelamento, \u00b0C\t\t\t\t\t<\/span>\n\t\t\t\t\t<span class=\"qode-specification-list-item-value\">\n\t\t\t\t\t\t&lt;0\t\t\t\t\t<\/span>\n\t\t\t\t<\/div>\n\t\t\t\t\t\t\t<div class=\"qode-specification-list-item\">\n\t\t\t\t\t<span class=\"qode-specification-list-item-label\">\n\t\t\t\t\t\tCondutividade el\u00e9trica solu\u00e7\u00e3o a 1 \u2030 a 20\u00b0C (mS\/cm) \t\t\t\t\t<\/span>\n\t\t\t\t\t<span class=\"qode-specification-list-item-value\">\n\t\t\t\t\t\t0,005 \u2013 0,01\t\t\t\t\t<\/span>\n\t\t\t\t<\/div>\n\t\t\t\t\t\t\t<div class=\"qode-specification-list-item\">\n\t\t\t\t\t<span class=\"qode-specification-list-item-label\">\n\t\t\t\t\t\tAspecto f\u00edsico\t\t\t\t\t<\/span>\n\t\t\t\t\t<span class=\"qode-specification-list-item-value\">\n\t\t\t\t\t\tSolu\u00e7\u00e3o l\u00edmpida, transparente\t\t\t\t\t<\/span>\n\t\t\t\t<\/div>\n\t\t\t\t\t<\/div>\n\t<\/div>\n\t<\/div>[vc_empty_space height=&#8221;22px&#8221;][\/qode_elements_holder_item][qode_elements_holder_item vertical_alignment=&#8221;middle&#8221; advanced_animations=&#8221;no&#8221; custom_class=&#8221;colonna-longer&#8221;][vc_column_text]<\/p>\n<h3>Aplica\u00e7\u00f5es<\/h3>\n<p>[\/vc_column_text][vc_empty_space height=&#8221;22px&#8221;][vc_column_text]Come integrazione in casi di carenze di azoto o altri nutrienti, in colture di pieno campo, orticole, frutti, piante ornamentali e tappeti erbosi.[\/vc_column_text][vc_empty_space height=&#8221;52px&#8221;][vc_column_text]<\/p>\n<h3>Composi\u00e7\u00e3o<\/h3>\n<p>[\/vc_column_text][vc_empty_space height=&#8221;22px&#8221;]<div class='q_progress_bar'><h6 class='progress_title_holder clearfix' style=''><span class='progress_title'><span>N TOTALE \/ 28%<\/span><\/span><span class='progress_number' style='color: #ffffff;'><span>0<\/span>%<\/span><\/h6><div class='progress_content_outer' style='height: 10px;background-color: #cfd9c3;'><div data-percentage='84' class='progress_content' style='height: 10px;background-color: #6f9552;border: 1px solid #6f9552;'><\/div><\/div><\/div><div class='q_progress_bar'><h6 class='progress_title_holder clearfix' style=''><span class='progress_title'><span>UREIA-N \/ 11,5%<\/span><\/span><span class='progress_number' style='color: #ffffff;'><span>0<\/span>%<\/span><\/h6><div class='progress_content_outer' style='height: 10px;background-color: #cfd9c3;'><div data-percentage='35' class='progress_content' style='height: 10px;background-color: #6f9552;border: 1px solid #6f9552;'><\/div><\/div><\/div><div class='q_progress_bar'><h6 class='progress_title_holder clearfix' style=''><span class='progress_title'><span>METILENO-UREIA N \/ 16,5%<\/span><\/span><span class='progress_number' style='color: #ffffff;'><span>0<\/span>%<\/span><\/h6><div class='progress_content_outer' style='height: 10px;background-color: #cfd9c3;'><div data-percentage='48' class='progress_content' style='height: 10px;background-color: #6f9552;border: 1px solid #6f9552;'><\/div><\/div><\/div>[vc_empty_space height=&#8221;22px&#8221;][\/qode_elements_holder_item][\/qode_elements_holder][vc_column_text]<a id=\"ancora-npk\"><\/a>[\/vc_column_text][\/vc_column_inner][\/vc_row_inner][vc_row_inner row_type=&#8221;row&#8221; type=&#8221;full_width&#8221; text_align=&#8221;left&#8221; css_animation=&#8221;&#8221; el_class=&#8221;riga-tab-npk&#8221; el_id=&#8221;liquidi_npk&#8221;][vc_column_inner][vc_empty_space height=&#8221;72px&#8221;][vc_column_text]<\/p>\n<h2 style=\"text-align: center;\">NPK<\/h2>\n<p>[\/vc_column_text][vc_empty_space height=&#8221;100px&#8221;][vc_column_text]<\/p>\n<h5 style=\"text-align: center;\">ADUBOS L\u00cdQUIDOS NPK<\/h5>\n<p>[\/vc_column_text][vc_empty_space height=&#8221;22px&#8221;]<div class=\"qode-advanced-tabs qode-advanced-tabs qode-advanced-horizontal-tab clearfix qode-advanced-tab-without-icon qode-advanced-tabs-column-4 clearfix\">\n\t<ul class=\"qode-advanced-tabs-nav\">\n\t\t\t\t\t<li>\n\t\t\t\t<h6>\n\t\t\t\t\t<a href=\"#tab-20-4-8\">\n\t\t\t\t\t\t\n\t\t\t\t\t\t\t\t\t\t\t\t\t<span class=\"qode-advanced-tab-text-after-icon\">\n\t\t\t\t\t\t\t\t20.4.8\t\t\t\t\t\t\t<\/span>\n\t\t\t\t\t\t\t\t\t\t\t<\/a>\n\t\t\t\t<\/h6>\n\t\t\t<\/li>\n\t\t\t\t\t<li>\n\t\t\t\t<h6>\n\t\t\t\t\t<a href=\"#tab-12-6-12\">\n\t\t\t\t\t\t\n\t\t\t\t\t\t\t\t\t\t\t\t\t<span class=\"qode-advanced-tab-text-after-icon\">\n\t\t\t\t\t\t\t\t12.6.12\t\t\t\t\t\t\t<\/span>\n\t\t\t\t\t\t\t\t\t\t\t<\/a>\n\t\t\t\t<\/h6>\n\t\t\t<\/li>\n\t\t\t\t\t<li>\n\t\t\t\t<h6>\n\t\t\t\t\t<a href=\"#tab-15-0-15\">\n\t\t\t\t\t\t\n\t\t\t\t\t\t\t\t\t\t\t\t\t<span class=\"qode-advanced-tab-text-after-icon\">\n\t\t\t\t\t\t\t\t15.0.15\t\t\t\t\t\t\t<\/span>\n\t\t\t\t\t\t\t\t\t\t\t<\/a>\n\t\t\t\t<\/h6>\n\t\t\t<\/li>\n\t\t\t\t\t<li>\n\t\t\t\t<h6>\n\t\t\t\t\t<a href=\"#tab-10-0-20\">\n\t\t\t\t\t\t\n\t\t\t\t\t\t\t\t\t\t\t\t\t<span class=\"qode-advanced-tab-text-after-icon\">\n\t\t\t\t\t\t\t\t10.0.20\t\t\t\t\t\t\t<\/span>\n\t\t\t\t\t\t\t\t\t\t\t<\/a>\n\t\t\t\t<\/h6>\n\t\t\t<\/li>\n\t\t\t<\/ul>\n\t<div class=\"qode-advanced-tab-container\" id=\"tab-20-4-8-437\" data-icon-pack=\"\" data-icon-html=\"\">[vc_column_text]Adubo l\u00edquido NPK 20.4.8 com Zinco, Boro e Mangan\u00eas.[\/vc_column_text]<\/div><div class=\"qode-advanced-tab-container\" id=\"tab-12-6-12-713\" data-icon-pack=\"\" data-icon-html=\"\">[vc_column_text]Adubo l\u00edquido NPK 12.6.12 com Zinco, Boro e Mangan\u00eas.[\/vc_column_text]<\/div><div class=\"qode-advanced-tab-container\" id=\"tab-15-0-15-803\" data-icon-pack=\"\" data-icon-html=\"\">[vc_column_text]Adubo l\u00edquido NPK 15.0.15 com Zinco, Boro e Mangan\u00eas.[\/vc_column_text]<\/div><div class=\"qode-advanced-tab-container\" id=\"tab-10-0-20-282\" data-icon-pack=\"\" data-icon-html=\"\">[vc_column_text]Adubo l\u00edquido NPK10.0.20 com Zinco, Boro e Mangan\u00eas.[\/vc_column_text]<\/div><\/div>[vc_empty_space height=&#8221;22px&#8221;][\/vc_column_inner][\/vc_row_inner][\/vc_column][\/vc_row]<\/p>\n<\/div>","protected":false},"excerpt":{"rendered":"<p>[vc_row css_animation=&#8221;&#8221; row_type=&#8221;row&#8221; use_row_as_full_screen_section=&#8221;no&#8221; type=&#8221;full_width&#8221; angled_section=&#8221;no&#8221; text_align=&#8221;left&#8221; background_image_as_pattern=&#8221;without_pattern&#8221; el_class=&#8221;riga-prodotti-granulari-sazolene&#8221; z_index=&#8221;&#8221;][vc_column][vc_empty_space height=&#8221;150px&#8221;][vc_row_inner row_type=&#8221;row&#8221; type=&#8221;grid&#8221; text_align=&#8221;left&#8221; css_animation=&#8221;&#8221;][vc_column_inner][qode_elements_holder number_of_columns=&#8221;one_column&#8221; alignment_one_column=&#8221;center&#8221;][qode_elements_holder_item advanced_animations=&#8221;no&#8221; custom_class=&#8221;colonna-intro-granulari-sazolene&#8221;][vc_column_text] Produtos Liqu\u00eddos [\/vc_column_text][vc_empty_space][vc_column_text] SAZOLENE SC &nbsp; NPK [\/vc_column_text][\/qode_elements_holder_item][\/qode_elements_holder][\/vc_column_inner][\/vc_row_inner][vc_empty_space height=&#8221;150px&#8221;][\/vc_column][\/vc_row][vc_row css_animation=&#8221;&#8221; row_type=&#8221;row&#8221; use_row_as_full_screen_section=&#8221;no&#8221; type=&#8221;full_width&#8221; angled_section=&#8221;no&#8221; text_align=&#8221;left&#8221; background_image_as_pattern=&#8221;without_pattern&#8221; el_class=&#8221;riga-applicazioni-img-sinistra&#8221; z_index=&#8221;&#8221; el_id=&#8221;liquidi_sc&#8221;][vc_column][vc_row_inner row_type=&#8221;row&#8221; type=&#8221;full_width&#8221; text_align=&#8221;left&#8221; css_animation=&#8221;&#8221;][vc_column_inner][qode_elements_holder number_of_columns=&#8221;two_columns&#8221; alignment_one_column=&#8221;center&#8221;][qode_elements_holder_item advanced_animations=&#8221;no&#8221;&#8230;<\/p>\n","protected":false},"author":1,"featured_media":0,"parent":0,"menu_order":0,"comment_status":"closed","ping_status":"closed","template":"full_width.php","meta":{"footnotes":""},"class_list":["post-4849","page","type-page","status-publish","hentry"],"yoast_head":"<!-- This site is optimized with the Yoast SEO plugin v26.2 - https:\/\/yoast.com\/wordpress\/plugins\/seo\/ -->\n<title>L\u00edquidos | Sazolene<\/title>\n<meta name=\"robots\" content=\"index, follow, max-snippet:-1, max-image-preview:large, max-video-preview:-1\" \/>\n<link rel=\"canonical\" href=\"https:\/\/www.sazolene.it\/pt-br\/liquidos\/\" \/>\n<meta property=\"og:locale\" content=\"pt_BR\" \/>\n<meta property=\"og:type\" content=\"article\" \/>\n<meta property=\"og:title\" content=\"L\u00edquidos | Sazolene\" \/>\n<meta property=\"og:description\" content=\"[vc_row css_animation=&#8221;&#8221; row_type=&#8221;row&#8221; use_row_as_full_screen_section=&#8221;no&#8221; type=&#8221;full_width&#8221; angled_section=&#8221;no&#8221; text_align=&#8221;left&#8221; background_image_as_pattern=&#8221;without_pattern&#8221; el_class=&#8221;riga-prodotti-granulari-sazolene&#8221; z_index=&#8221;&#8221;][vc_column][vc_empty_space height=&#8221;150px&#8221;][vc_row_inner row_type=&#8221;row&#8221; type=&#8221;grid&#8221; text_align=&#8221;left&#8221; css_animation=&#8221;&#8221;][vc_column_inner][qode_elements_holder number_of_columns=&#8221;one_column&#8221; alignment_one_column=&#8221;center&#8221;][qode_elements_holder_item advanced_animations=&#8221;no&#8221; custom_class=&#8221;colonna-intro-granulari-sazolene&#8221;][vc_column_text] Produtos Liqu\u00eddos [\/vc_column_text][vc_empty_space][vc_column_text] SAZOLENE SC &nbsp; NPK [\/vc_column_text][\/qode_elements_holder_item][\/qode_elements_holder][\/vc_column_inner][\/vc_row_inner][vc_empty_space height=&#8221;150px&#8221;][\/vc_column][\/vc_row][vc_row css_animation=&#8221;&#8221; row_type=&#8221;row&#8221; use_row_as_full_screen_section=&#8221;no&#8221; type=&#8221;full_width&#8221; angled_section=&#8221;no&#8221; text_align=&#8221;left&#8221; background_image_as_pattern=&#8221;without_pattern&#8221; el_class=&#8221;riga-applicazioni-img-sinistra&#8221; z_index=&#8221;&#8221; el_id=&#8221;liquidi_sc&#8221;][vc_column][vc_row_inner row_type=&#8221;row&#8221; type=&#8221;full_width&#8221; text_align=&#8221;left&#8221; css_animation=&#8221;&#8221;][vc_column_inner][qode_elements_holder number_of_columns=&#8221;two_columns&#8221; alignment_one_column=&#8221;center&#8221;][qode_elements_holder_item advanced_animations=&#8221;no&#8221;...\" \/>\n<meta property=\"og:url\" content=\"https:\/\/www.sazolene.it\/pt-br\/liquidos\/\" \/>\n<meta property=\"og:site_name\" content=\"Sazolene\" \/>\n<meta property=\"article:modified_time\" content=\"2020-03-19T09:23:41+00:00\" \/>\n<meta name=\"twitter:label1\" content=\"Est. tempo de leitura\" \/>\n\t<meta name=\"twitter:data1\" content=\"5 minutos\" \/>\n<script type=\"application\/ld+json\" class=\"yoast-schema-graph\">{\"@context\":\"https:\/\/schema.org\",\"@graph\":[{\"@type\":\"WebPage\",\"@id\":\"https:\/\/www.sazolene.it\/pt-br\/liquidos\/\",\"url\":\"https:\/\/www.sazolene.it\/pt-br\/liquidos\/\",\"name\":\"L\u00edquidos | Sazolene\",\"isPartOf\":{\"@id\":\"https:\/\/www.sazolene.it\/ja\/#website\"},\"datePublished\":\"2020-02-05T16:15:34+00:00\",\"dateModified\":\"2020-03-19T09:23:41+00:00\",\"breadcrumb\":{\"@id\":\"https:\/\/www.sazolene.it\/pt-br\/liquidos\/#breadcrumb\"},\"inLanguage\":\"pt-BR\",\"potentialAction\":[{\"@type\":\"ReadAction\",\"target\":[\"https:\/\/www.sazolene.it\/pt-br\/liquidos\/\"]}]},{\"@type\":\"BreadcrumbList\",\"@id\":\"https:\/\/www.sazolene.it\/pt-br\/liquidos\/#breadcrumb\",\"itemListElement\":[{\"@type\":\"ListItem\",\"position\":1,\"name\":\"Home\",\"item\":\"https:\/\/www.sazolene.it\/pt-br\/\"},{\"@type\":\"ListItem\",\"position\":2,\"name\":\"L\u00edquidos\"}]},{\"@type\":\"WebSite\",\"@id\":\"https:\/\/www.sazolene.it\/ja\/#website\",\"url\":\"https:\/\/www.sazolene.it\/ja\/\",\"name\":\"Sazolene\",\"description\":\"Fertilizzante azotato a lento rilascio\",\"publisher\":{\"@id\":\"https:\/\/www.sazolene.it\/ja\/#organization\"},\"potentialAction\":[{\"@type\":\"SearchAction\",\"target\":{\"@type\":\"EntryPoint\",\"urlTemplate\":\"https:\/\/www.sazolene.it\/ja\/?s={search_term_string}\"},\"query-input\":{\"@type\":\"PropertyValueSpecification\",\"valueRequired\":true,\"valueName\":\"search_term_string\"}}],\"inLanguage\":\"pt-BR\"},{\"@type\":\"Organization\",\"@id\":\"https:\/\/www.sazolene.it\/ja\/#organization\",\"name\":\"Sazolene\",\"url\":\"https:\/\/www.sazolene.it\/ja\/\",\"logo\":{\"@type\":\"ImageObject\",\"inLanguage\":\"pt-BR\",\"@id\":\"https:\/\/www.sazolene.it\/ja\/#\/schema\/logo\/image\/\",\"url\":\"https:\/\/www.sazolene.it\/wp-content\/uploads\/2020\/02\/logosazolene1.png\",\"contentUrl\":\"https:\/\/www.sazolene.it\/wp-content\/uploads\/2020\/02\/logosazolene1.png\",\"width\":209,\"height\":97,\"caption\":\"Sazolene\"},\"image\":{\"@id\":\"https:\/\/www.sazolene.it\/ja\/#\/schema\/logo\/image\/\"}}]}<\/script>\n<!-- \/ Yoast SEO plugin. -->","yoast_head_json":{"title":"L\u00edquidos | Sazolene","robots":{"index":"index","follow":"follow","max-snippet":"max-snippet:-1","max-image-preview":"max-image-preview:large","max-video-preview":"max-video-preview:-1"},"canonical":"https:\/\/www.sazolene.it\/pt-br\/liquidos\/","og_locale":"pt_BR","og_type":"article","og_title":"L\u00edquidos | Sazolene","og_description":"[vc_row css_animation=&#8221;&#8221; row_type=&#8221;row&#8221; use_row_as_full_screen_section=&#8221;no&#8221; type=&#8221;full_width&#8221; angled_section=&#8221;no&#8221; text_align=&#8221;left&#8221; background_image_as_pattern=&#8221;without_pattern&#8221; el_class=&#8221;riga-prodotti-granulari-sazolene&#8221; z_index=&#8221;&#8221;][vc_column][vc_empty_space height=&#8221;150px&#8221;][vc_row_inner row_type=&#8221;row&#8221; type=&#8221;grid&#8221; text_align=&#8221;left&#8221; css_animation=&#8221;&#8221;][vc_column_inner][qode_elements_holder number_of_columns=&#8221;one_column&#8221; alignment_one_column=&#8221;center&#8221;][qode_elements_holder_item advanced_animations=&#8221;no&#8221; custom_class=&#8221;colonna-intro-granulari-sazolene&#8221;][vc_column_text] Produtos Liqu\u00eddos [\/vc_column_text][vc_empty_space][vc_column_text] SAZOLENE SC &nbsp; NPK [\/vc_column_text][\/qode_elements_holder_item][\/qode_elements_holder][\/vc_column_inner][\/vc_row_inner][vc_empty_space height=&#8221;150px&#8221;][\/vc_column][\/vc_row][vc_row css_animation=&#8221;&#8221; row_type=&#8221;row&#8221; use_row_as_full_screen_section=&#8221;no&#8221; type=&#8221;full_width&#8221; angled_section=&#8221;no&#8221; text_align=&#8221;left&#8221; background_image_as_pattern=&#8221;without_pattern&#8221; el_class=&#8221;riga-applicazioni-img-sinistra&#8221; z_index=&#8221;&#8221; el_id=&#8221;liquidi_sc&#8221;][vc_column][vc_row_inner row_type=&#8221;row&#8221; type=&#8221;full_width&#8221; text_align=&#8221;left&#8221; css_animation=&#8221;&#8221;][vc_column_inner][qode_elements_holder number_of_columns=&#8221;two_columns&#8221; alignment_one_column=&#8221;center&#8221;][qode_elements_holder_item advanced_animations=&#8221;no&#8221;...","og_url":"https:\/\/www.sazolene.it\/pt-br\/liquidos\/","og_site_name":"Sazolene","article_modified_time":"2020-03-19T09:23:41+00:00","twitter_misc":{"Est. tempo de leitura":"5 minutos"},"schema":{"@context":"https:\/\/schema.org","@graph":[{"@type":"WebPage","@id":"https:\/\/www.sazolene.it\/pt-br\/liquidos\/","url":"https:\/\/www.sazolene.it\/pt-br\/liquidos\/","name":"L\u00edquidos | Sazolene","isPartOf":{"@id":"https:\/\/www.sazolene.it\/ja\/#website"},"datePublished":"2020-02-05T16:15:34+00:00","dateModified":"2020-03-19T09:23:41+00:00","breadcrumb":{"@id":"https:\/\/www.sazolene.it\/pt-br\/liquidos\/#breadcrumb"},"inLanguage":"pt-BR","potentialAction":[{"@type":"ReadAction","target":["https:\/\/www.sazolene.it\/pt-br\/liquidos\/"]}]},{"@type":"BreadcrumbList","@id":"https:\/\/www.sazolene.it\/pt-br\/liquidos\/#breadcrumb","itemListElement":[{"@type":"ListItem","position":1,"name":"Home","item":"https:\/\/www.sazolene.it\/pt-br\/"},{"@type":"ListItem","position":2,"name":"L\u00edquidos"}]},{"@type":"WebSite","@id":"https:\/\/www.sazolene.it\/ja\/#website","url":"https:\/\/www.sazolene.it\/ja\/","name":"Sazolene","description":"Fertilizzante azotato a lento rilascio","publisher":{"@id":"https:\/\/www.sazolene.it\/ja\/#organization"},"potentialAction":[{"@type":"SearchAction","target":{"@type":"EntryPoint","urlTemplate":"https:\/\/www.sazolene.it\/ja\/?s={search_term_string}"},"query-input":{"@type":"PropertyValueSpecification","valueRequired":true,"valueName":"search_term_string"}}],"inLanguage":"pt-BR"},{"@type":"Organization","@id":"https:\/\/www.sazolene.it\/ja\/#organization","name":"Sazolene","url":"https:\/\/www.sazolene.it\/ja\/","logo":{"@type":"ImageObject","inLanguage":"pt-BR","@id":"https:\/\/www.sazolene.it\/ja\/#\/schema\/logo\/image\/","url":"https:\/\/www.sazolene.it\/wp-content\/uploads\/2020\/02\/logosazolene1.png","contentUrl":"https:\/\/www.sazolene.it\/wp-content\/uploads\/2020\/02\/logosazolene1.png","width":209,"height":97,"caption":"Sazolene"},"image":{"@id":"https:\/\/www.sazolene.it\/ja\/#\/schema\/logo\/image\/"}}]}},"_links":{"self":[{"href":"https:\/\/www.sazolene.it\/pt-br\/wp-json\/wp\/v2\/pages\/4849","targetHints":{"allow":["GET"]}}],"collection":[{"href":"https:\/\/www.sazolene.it\/pt-br\/wp-json\/wp\/v2\/pages"}],"about":[{"href":"https:\/\/www.sazolene.it\/pt-br\/wp-json\/wp\/v2\/types\/page"}],"author":[{"embeddable":true,"href":"https:\/\/www.sazolene.it\/pt-br\/wp-json\/wp\/v2\/users\/1"}],"replies":[{"embeddable":true,"href":"https:\/\/www.sazolene.it\/pt-br\/wp-json\/wp\/v2\/comments?post=4849"}],"version-history":[{"count":2,"href":"https:\/\/www.sazolene.it\/pt-br\/wp-json\/wp\/v2\/pages\/4849\/revisions"}],"predecessor-version":[{"id":4850,"href":"https:\/\/www.sazolene.it\/pt-br\/wp-json\/wp\/v2\/pages\/4849\/revisions\/4850"}],"wp:attachment":[{"href":"https:\/\/www.sazolene.it\/pt-br\/wp-json\/wp\/v2\/media?parent=4849"}],"curies":[{"name":"wp","href":"https:\/\/api.w.org\/{rel}","templated":true}]}}